{"id":10036,"date":"2022-09-16T11:03:49","date_gmt":"2022-09-16T16:03:49","guid":{"rendered":"https:\/\/www.itrc.gov.co\/Itrc\/?page_id=10036"},"modified":"2024-07-22T11:47:35","modified_gmt":"2024-07-22T16:47:35","slug":"programa-de-gestion-documental","status":"publish","type":"page","link":"https:\/\/www.itrc.gov.co\/Itrc\/transparencia-y-acceso-a-la-informacion-publica\/programa-de-gestion-documental\/","title":{"rendered":"Programa de Gesti\u00f3n Documental"},"content":{"rendered":"<ul>\n<li><a href=\"https:\/\/www.itrc.gov.co\/Itrc\/wp-content\/uploads\/2024\/02\/GAD-RE-005_Programa_de_gestion_documental_PGD_2023-2026.pdf\" target=\"_blank\" rel=\"noopener\">Programa de Gesti\u00f3n Documental<\/a><\/li>\n<li><a href=\"https:\/\/www.itrc.gov.co\/Itrc\/wp-content\/uploads\/2024\/07\/Resolucion-Adopcion-Programa-de-Gestion-Documental.pdf\" target=\"_blank\" rel=\"noopener\">Resoluci\u00f3n adopci\u00f3n Programa de Gesti\u00f3n Documental\u00a0<\/a><\/li>\n<\/ul>\n","protected":false},"excerpt":{"rendered":"<p>Programa de Gesti\u00f3n Documental Resoluci\u00f3n adopci\u00f3n Programa de Gesti\u00f3n Documental\u00a0<\/p>\n","protected":false},"author":1,"featured_media":0,"parent":3862,"menu_order":0,"comment_status":"closed","ping_status":"closed","template":"page-fullwidth.php","meta":{"footnotes":""},"class_list":["post-10036","page","type-page","status-publish","hentry"],"_links":{"self":[{"href":"https:\/\/www.itrc.gov.co\/Itrc\/wp-json\/wp\/v2\/pages\/10036","targetHints":{"allow":["GET"]}}],"collection":[{"href":"https:\/\/www.itrc.gov.co\/Itrc\/wp-json\/wp\/v2\/pages"}],"about":[{"href":"https:\/\/www.itrc.gov.co\/Itrc\/wp-json\/wp\/v2\/types\/page"}],"author":[{"embeddable":true,"href":"https:\/\/www.itrc.gov.co\/Itrc\/wp-json\/wp\/v2\/users\/1"}],"replies":[{"embeddable":true,"href":"https:\/\/www.itrc.gov.co\/Itrc\/wp-json\/wp\/v2\/comments?post=10036"}],"version-history":[{"count":7,"href":"https:\/\/www.itrc.gov.co\/Itrc\/wp-json\/wp\/v2\/pages\/10036\/revisions"}],"predecessor-version":[{"id":12959,"href":"https:\/\/www.itrc.gov.co\/Itrc\/wp-json\/wp\/v2\/pages\/10036\/revisions\/12959"}],"up":[{"embeddable":true,"href":"https:\/\/www.itrc.gov.co\/Itrc\/wp-json\/wp\/v2\/pages\/3862"}],"wp:attachment":[{"href":"https:\/\/www.itrc.gov.co\/Itrc\/wp-json\/wp\/v2\/media?parent=10036"}],"curies":[{"name":"wp","href":"https:\/\/api.w.org\/{rel}","templated":true}]}}