{"id":10157,"date":"2022-09-27T09:42:58","date_gmt":"2022-09-27T14:42:58","guid":{"rendered":"https:\/\/www.itrc.gov.co\/Itrc\/?page_id=10157"},"modified":"2024-07-23T20:00:09","modified_gmt":"2024-07-24T01:00:09","slug":"formatos-o-modelos-de-contratos-o-pliego-tipo","status":"publish","type":"page","link":"https:\/\/www.itrc.gov.co\/Itrc\/transparencia-y-acceso-a-la-informacion-publica\/formatos-o-modelos-de-contratos-o-pliego-tipo\/","title":{"rendered":"Formatos o modelos de contratos o pliego tipo"},"content":{"rendered":"<ul>\n<li><a href=\"https:\/\/www.itrc.gov.co\/Itrc\/wp-content\/uploads\/2024\/07\/1-Acto-Administrativo-de-la-Contratacion-Directa-codigo-GCO-FT-012-version-6.docx\" target=\"_blank\" rel=\"noopener\">Formato Acto Administrativo de la Contrataci\u00f3n Directa<\/a><\/li>\n<li><a href=\"https:\/\/www.itrc.gov.co\/Itrc\/wp-content\/uploads\/2024\/07\/2-Verificacion-Especificaciones-Tecnicas-codigo-GCO-FT-001-version-3.docx\" target=\"_blank\" rel=\"noopener\"><span lang=\"ES-CO\">Formato verificaci\u00f3n especificaciones t\u00e9cnicas de bienes a recibir<\/span><\/a><\/li>\n<li><a href=\"https:\/\/www.itrc.gov.co\/Itrc\/wp-content\/uploads\/2024\/07\/3-Formato-Aviso-convocatoria-publica-codigo-GCO-FT-006-version-5.docx\" target=\"_blank\" rel=\"noopener\">Formato Aviso de Convocatoria P\u00fablica<\/a><\/li>\n<li><a href=\"https:\/\/www.itrc.gov.co\/Itrc\/wp-content\/uploads\/2024\/07\/4-Formato-Adenda-codigo-GCO-FT-007-version-4.docx\" target=\"_blank\" rel=\"noopener\">Formato Adenda<\/a><\/li>\n<li><a href=\"https:\/\/www.itrc.gov.co\/Itrc\/wp-content\/uploads\/2024\/07\/5-Formato-aprobacion-de-garantia-codigo-GCO-FT-008-version-5.docx\" target=\"_blank\" rel=\"noopener\">\u00a0Formato Aprobaci\u00f3n de garant\u00edas<\/a><\/li>\n<li><a href=\"https:\/\/www.itrc.gov.co\/Itrc\/wp-content\/uploads\/2024\/07\/6-Formato-Acta-de-inicio-codigo-GCO-FT-009-version-5.docx\" target=\"_blank\" rel=\"noopener\">Formato Acta de Inicio<\/a><\/li>\n<li><a href=\"https:\/\/www.itrc.gov.co\/Itrc\/wp-content\/uploads\/2024\/07\/7-Formato-aceptacion-oferta-codigo-GCO-FT-011-version-6.docx\" target=\"_blank\" rel=\"noopener\">Formato Aceptaci\u00f3n de la Oferta<\/a><\/li>\n<li><a href=\"https:\/\/www.itrc.gov.co\/Itrc\/wp-content\/uploads\/2024\/07\/8-Estudios-Previos-codigo-GCO-FT-010-version-8.docx\" target=\"_blank\" rel=\"noopener\">Formato Estudios Previos<\/a><\/li>\n<li><a href=\"https:\/\/www.itrc.gov.co\/Itrc\/wp-content\/uploads\/2024\/07\/9-Certificacion-contractual-codigo-GCO-FT-004-version-2.docx\" target=\"_blank\" rel=\"noopener\">Formato Certificaci\u00f3n Contractual\u00a0<\/a><\/li>\n<li><a href=\"https:\/\/www.itrc.gov.co\/Itrc\/wp-content\/uploads\/2024\/07\/10-Matriz-de-riesgos-codigo-GCO-FT-005-version-4.xlsx\" target=\"_blank\" rel=\"noopener\">Formato Matriz de Riesgos<\/a><\/li>\n<\/ul>\n","protected":false},"excerpt":{"rendered":"<p>Formato Acto Administrativo de la Contrataci\u00f3n Directa Formato verificaci\u00f3n especificaciones t\u00e9cnicas de bienes a recibir Formato Aviso de Convocatoria P\u00fablica Formato Adenda \u00a0Formato Aprobaci\u00f3n de garant\u00edas Formato Acta de Inicio Formato Aceptaci\u00f3n de la Oferta Formato Estudios Previos Formato Certificaci\u00f3n Contractual\u00a0 Formato Matriz de Riesgos<\/p>\n","protected":false},"author":1,"featured_media":0,"parent":3862,"menu_order":0,"comment_status":"closed","ping_status":"closed","template":"page-fullwidth.php","meta":{"footnotes":""},"class_list":["post-10157","page","type-page","status-publish","hentry"],"_links":{"self":[{"href":"https:\/\/www.itrc.gov.co\/Itrc\/wp-json\/wp\/v2\/pages\/10157","targetHints":{"allow":["GET"]}}],"collection":[{"href":"https:\/\/www.itrc.gov.co\/Itrc\/wp-json\/wp\/v2\/pages"}],"about":[{"href":"https:\/\/www.itrc.gov.co\/Itrc\/wp-json\/wp\/v2\/types\/page"}],"author":[{"embeddable":true,"href":"https:\/\/www.itrc.gov.co\/Itrc\/wp-json\/wp\/v2\/users\/1"}],"replies":[{"embeddable":true,"href":"https:\/\/www.itrc.gov.co\/Itrc\/wp-json\/wp\/v2\/comments?post=10157"}],"version-history":[{"count":5,"href":"https:\/\/www.itrc.gov.co\/Itrc\/wp-json\/wp\/v2\/pages\/10157\/revisions"}],"predecessor-version":[{"id":13006,"href":"https:\/\/www.itrc.gov.co\/Itrc\/wp-json\/wp\/v2\/pages\/10157\/revisions\/13006"}],"up":[{"embeddable":true,"href":"https:\/\/www.itrc.gov.co\/Itrc\/wp-json\/wp\/v2\/pages\/3862"}],"wp:attachment":[{"href":"https:\/\/www.itrc.gov.co\/Itrc\/wp-json\/wp\/v2\/media?parent=10157"}],"curies":[{"name":"wp","href":"https:\/\/api.w.org\/{rel}","templated":true}]}}