{"id":11497,"date":"2023-08-30T15:29:40","date_gmt":"2023-08-30T20:29:40","guid":{"rendered":"https:\/\/www.itrc.gov.co\/Itrc\/?page_id=11497"},"modified":"2025-12-01T10:38:58","modified_gmt":"2025-12-01T15:38:58","slug":"publicacion-hojas-de-vida","status":"publish","type":"page","link":"https:\/\/www.itrc.gov.co\/Itrc\/transparencia-y-acceso-a-la-informacion-publica\/publicacion-hojas-de-vida\/","title":{"rendered":"Publicaci\u00f3n Hojas de Vida"},"content":{"rendered":"\n<hr class=\"wp-block-separator has-alpha-channel-opacity\"\/>\n\n\n\n<h2 class=\"wp-block-heading\"><span style=\"font-size: 24px;\"><a href=\"https:\/\/aspirantes.presidencia.gov.co\/\">Enlace Publicaci\u00f3n de Hojas de Vida<\/a><\/span><\/h2>\n\n\n\n<hr class=\"wp-block-separator has-alpha-channel-opacity\"\/>\n\n\n\n<h2 class=\"has-text-align-center wp-block-heading\"><span style=\"font-size: 24px;\">Aspirantes<\/span>&nbsp;<\/h2>\n\n\n\n<figure class=\"wp-block-table\"><table><thead><tr><th>Aspirante<\/th><th>Cargo<\/th><th>Fecha de fijaci\u00f3n<\/th><th>Fecha de desfijaci\u00f3n<\/th><\/tr><\/thead><tbody><tr><td><a href=\"https:\/\/www.itrc.gov.co\/Itrc\/wp-content\/uploads\/2025\/12\/HOJA-DE-VIDA-FUNCION-PUBLICA-Martha-Perea-1.pdf\" target=\"_blank\" rel=\"noreferrer noopener\">Martha Carolina Perea Moreno<\/a><\/td><td>Experto C\u00f3digo G3 Grado 08<\/td><td>28 de noviembre del 2025<\/td><td>1 de diciembre del 2025<\/td><\/tr><tr><td><a href=\"https:\/\/www.itrc.gov.co\/Itrc\/wp-content\/uploads\/2025\/11\/Hoja-de-Vida-Sigep-Jose-Mahecha.pdf\" target=\"_blank\" rel=\"noreferrer noopener\">Jos\u00e9 Alexis Mahecha Acosta<\/a><\/td><td>Secretario General<\/td><td>28 de noviembre del 2025<\/td><td>1 de diciembre del 2025<\/td><\/tr><tr><td><a href=\"https:\/\/www.itrc.gov.co\/Itrc\/wp-content\/uploads\/2025\/10\/Hoja-de-vida-funcion-publica-Andres-Fernando-Marin.1.pdf\" target=\"_blank\" rel=\"noreferrer noopener\">Andr\u00e9s Fernando Mar\u00edn<\/a><\/td><td>Subdirector T\u00e9cnico de Agencia C\u00f3digo E5 Grado 02 de la Subdirecci\u00f3n de Instrucci\u00f3n Disciplinaria.<\/td><td>30 de septiembre del 2025<\/td><td><\/td><\/tr><tr><td><a href=\"https:\/\/www.itrc.gov.co\/Itrc\/wp-content\/uploads\/2025\/09\/Hoja-de-vida-sigep-Omaira-Navarro.pdf\" target=\"_blank\" rel=\"noreferrer noopener\">Astrid Omaira Navarro Rodr\u00edguez<\/a><\/td><td>Jefe de Oficina de Planeaci\u00f3n<\/td><td>29 de septiembre del 2025<\/td><td><\/td><\/tr><tr><td><a href=\"https:\/\/www.itrc.gov.co\/Itrc\/wp-content\/uploads\/2025\/07\/Hoja-de-vida-Diana-Diaz.pdf\" target=\"_blank\" rel=\"noreferrer noopener\">Diana Patricia Diaz Olivera<\/a><\/td><td>Experta Misional C\u00f3digo G3 Grado 08<\/td><td>26 de julio del 2025<\/td><td>28 de julio del 2025<\/td><\/tr><tr><td><a href=\"https:\/\/www.itrc.gov.co\/Itrc\/wp-content\/uploads\/2025\/02\/Hoja-de-vida-Sigep-Marisol-Nino.1.pdf\">Marisol Ni\u00f1o Vargas<\/a><\/td><td>Subdirector T\u00e9cnico de Agencia C\u00f3digo E5 Grado 02 Subdirecci\u00f3n de Asuntos Legales<\/td><td>14 de enero del 2025<\/td><td>17 de enero del 2025<\/td><\/tr><tr><td><a href=\"https:\/\/www.itrc.gov.co\/Itrc\/wp-content\/uploads\/2025\/02\/Hoja-de-Vida-Numa-Rafael-Ortiz.1-23-12-2024.pdf\">Numa Rafael Ortiz Fern\u00e1ndez<\/a><\/td><td>Subdirector T\u00e9cnico de Agencia C\u00f3digo E5 Grado 02 Subdirecci\u00f3n de Instrucci\u00f3n Disciplinaria<\/td><td>7 de enero del 2025<\/td><td>10 de enero del 2025<\/td><\/tr><tr><td><a href=\"https:\/\/www.itrc.gov.co\/Itrc\/wp-content\/uploads\/2025\/02\/Hoja-de-Vida-Martha-Lucia-Agamez.1.pdf\">Martha Luc\u00eda Agamez Villegas<\/a><\/td><td>Experto C\u00f3digo G3 Grado 08, - Direcci\u00f3n General<\/td><td>27 de diciembre de 2024<\/td><td>30 de diciembre de 2024<\/td><\/tr><tr><td><a href=\"https:\/\/www.itrc.gov.co\/Itrc\/wp-content\/uploads\/2025\/02\/Hoja-de-Vida-Sigep-Angela-Lasso.1.pdf\">Angela Maria Lasso Molina<\/a><\/td><td>Jefe de Oficina de Agencia C\u00f3digo G1 Grado 05, - Oficina Asesora de Planeaci\u00f3n<\/td><td>27 de diciembre de 2024<\/td><td>30 de diciembre de 2024<\/td><\/tr><tr><td><a href=\"https:\/\/www.itrc.gov.co\/Itrc\/wp-content\/uploads\/2024\/10\/hoja-de-vida.pdf\">Eva Carolina Madrid Torres<\/a><\/td><td>Director General de Agencia C\u00f3digo E3 Grado 07<\/td><td>3 de octubre de 2024<\/td><td>7 de octubre de 2024<\/td><\/tr><tr><td><a href=\"https:\/\/www.itrc.gov.co\/Itrc\/wp-content\/uploads\/2024\/10\/hoja_de_vida.pdf\">Mary Luz Mu\u00f1oz Dur\u00e1n<\/a><\/td><td>Jefe de Oficina de Agencia C\u00f3digo G1 Grado 05<\/td><td>1 de octubre de 2024<\/td><td>4 de octubre de 2024<\/td><\/tr><\/tbody><\/table><\/figure>\n\n\n\n<hr class=\"wp-block-separator has-alpha-channel-opacity\"\/>\n","protected":false},"excerpt":{"rendered":"<p>Enlace Publicaci\u00f3n de Hojas de Vida Aspirantes&nbsp; Aspirante Cargo Fecha de fijaci\u00f3n Fecha de desfijaci\u00f3n Martha Carolina Perea Moreno Experto C\u00f3digo G3 Grado 08 28 de noviembre del 2025 1 de diciembre del 2025 Jos\u00e9 Alexis Mahecha Acosta Secretario General 28 de noviembre del 2025 1 de diciembre del 2025 Andr\u00e9s Fernando Mar\u00edn Subdirector T\u00e9cnico de Agencia C\u00f3digo E5 Grado&nbsp;<a href=\"https:\/\/www.itrc.gov.co\/Itrc\/transparencia-y-acceso-a-la-informacion-publica\/publicacion-hojas-de-vida\/\" class=\"read-more\">Seguir leyendo<\/a><\/p>\n","protected":false},"author":2,"featured_media":0,"parent":3862,"menu_order":0,"comment_status":"closed","ping_status":"closed","template":"page-fullwidth.php","meta":{"footnotes":""},"class_list":["post-11497","page","type-page","status-publish","hentry"],"_links":{"self":[{"href":"https:\/\/www.itrc.gov.co\/Itrc\/wp-json\/wp\/v2\/pages\/11497","targetHints":{"allow":["GET"]}}],"collection":[{"href":"https:\/\/www.itrc.gov.co\/Itrc\/wp-json\/wp\/v2\/pages"}],"about":[{"href":"https:\/\/www.itrc.gov.co\/Itrc\/wp-json\/wp\/v2\/types\/page"}],"author":[{"embeddable":true,"href":"https:\/\/www.itrc.gov.co\/Itrc\/wp-json\/wp\/v2\/users\/2"}],"replies":[{"embeddable":true,"href":"https:\/\/www.itrc.gov.co\/Itrc\/wp-json\/wp\/v2\/comments?post=11497"}],"version-history":[{"count":23,"href":"https:\/\/www.itrc.gov.co\/Itrc\/wp-json\/wp\/v2\/pages\/11497\/revisions"}],"predecessor-version":[{"id":15110,"href":"https:\/\/www.itrc.gov.co\/Itrc\/wp-json\/wp\/v2\/pages\/11497\/revisions\/15110"}],"up":[{"embeddable":true,"href":"https:\/\/www.itrc.gov.co\/Itrc\/wp-json\/wp\/v2\/pages\/3862"}],"wp:attachment":[{"href":"https:\/\/www.itrc.gov.co\/Itrc\/wp-json\/wp\/v2\/media?parent=11497"}],"curies":[{"name":"wp","href":"https:\/\/api.w.org\/{rel}","templated":true}]}}