{"id":11522,"date":"2023-08-30T16:57:14","date_gmt":"2023-08-30T21:57:14","guid":{"rendered":"https:\/\/www.itrc.gov.co\/Itrc\/?page_id=11522"},"modified":"2023-08-30T17:11:48","modified_gmt":"2023-08-30T22:11:48","slug":"informacion-para-mujeres","status":"publish","type":"page","link":"https:\/\/www.itrc.gov.co\/Itrc\/transparencia-y-acceso-a-la-informacion-publica\/informacion-para-mujeres\/","title":{"rendered":"Informaci\u00f3n para mujeres"},"content":{"rendered":"<hr>\n<h3><strong><a href=\"https:\/\/www.presidencia.gov.co\/\">Presidencia de la Rep\u00fablica<\/a><\/strong><\/h3>\n<p><a href=\"http:\/\/www.equidadmujer.gov.co\/Paginas\/equidad-mujer.aspx\">Consejer\u00eda Presidencial para la Equidad de la Mujer<\/a><\/p>\n<p><a href=\"https:\/\/derechoshumanos.gov.co\/Paginas\/homeddhh.aspx\">Consejer\u00eda Presidencial para los Derechos Humanos y Asuntos Internacionales<\/a><\/p>\n<h3><a href=\"https:\/\/www.bancoldex.com\/\"><strong>Banca de Oportunidades - Bancoldex<\/strong><\/a><\/h3>\n<p><a href=\"https:\/\/www.bancadelasoportunidades.gov.co\/\">Programa de Garant\u00edas Banca de las Oportunidades<\/a><\/p>\n<h3><strong>Sector Hacienda<\/strong><\/h3>\n<h3><strong><a href=\"https:\/\/www.minhacienda.gov.co\/webcenter\/portal\/Minhacienda\">Ministerio de Hacienda<\/a><\/strong><\/h3>\n<p><a href=\"https:\/\/www.unidadvictimas.gov.co\/\">Sistema Informaci\u00f3n Presupuestal para V\u00edctimas<\/a><\/p>\n<p>\u00a0<\/p>\n","protected":false},"excerpt":{"rendered":"<p>Presidencia de la Rep\u00fablica Consejer\u00eda Presidencial para la Equidad de la Mujer Consejer\u00eda Presidencial para los Derechos Humanos y Asuntos Internacionales Banca de Oportunidades - Bancoldex Programa de Garant\u00edas Banca de las Oportunidades Sector Hacienda Ministerio de Hacienda Sistema Informaci\u00f3n Presupuestal para V\u00edctimas \u00a0<\/p>\n","protected":false},"author":2,"featured_media":0,"parent":3862,"menu_order":0,"comment_status":"closed","ping_status":"closed","template":"page-fullwidth.php","meta":{"footnotes":""},"class_list":["post-11522","page","type-page","status-publish","hentry"],"_links":{"self":[{"href":"https:\/\/www.itrc.gov.co\/Itrc\/wp-json\/wp\/v2\/pages\/11522","targetHints":{"allow":["GET"]}}],"collection":[{"href":"https:\/\/www.itrc.gov.co\/Itrc\/wp-json\/wp\/v2\/pages"}],"about":[{"href":"https:\/\/www.itrc.gov.co\/Itrc\/wp-json\/wp\/v2\/types\/page"}],"author":[{"embeddable":true,"href":"https:\/\/www.itrc.gov.co\/Itrc\/wp-json\/wp\/v2\/users\/2"}],"replies":[{"embeddable":true,"href":"https:\/\/www.itrc.gov.co\/Itrc\/wp-json\/wp\/v2\/comments?post=11522"}],"version-history":[{"count":4,"href":"https:\/\/www.itrc.gov.co\/Itrc\/wp-json\/wp\/v2\/pages\/11522\/revisions"}],"predecessor-version":[{"id":11528,"href":"https:\/\/www.itrc.gov.co\/Itrc\/wp-json\/wp\/v2\/pages\/11522\/revisions\/11528"}],"up":[{"embeddable":true,"href":"https:\/\/www.itrc.gov.co\/Itrc\/wp-json\/wp\/v2\/pages\/3862"}],"wp:attachment":[{"href":"https:\/\/www.itrc.gov.co\/Itrc\/wp-json\/wp\/v2\/media?parent=11522"}],"curies":[{"name":"wp","href":"https:\/\/api.w.org\/{rel}","templated":true}]}}