{"id":3862,"date":"2019-09-19T10:34:58","date_gmt":"2019-09-19T15:34:58","guid":{"rendered":"https:\/\/www.itrc.gov.co\/Itrc\/?page_id=3862"},"modified":"2026-03-05T09:10:19","modified_gmt":"2026-03-05T14:10:19","slug":"transparencia-y-acceso-a-la-informacion-publica","status":"publish","type":"page","link":"https:\/\/www.itrc.gov.co\/Itrc\/transparencia-y-acceso-a-la-informacion-publica\/","title":{"rendered":"Transparencia y acceso a la informaci\u00f3n p\u00fablica"},"content":{"rendered":"<h3 style=\"text-align: justify; font-size: 1.9rem;\">\u200bLey de Transparencia y del Derecho de Acceso a la Informaci\u00f3n P\u00fablica Nacional<\/h3>\n<p style=\"text-align: justify;\">\u200bEn cumplimiento a la <span style=\"color: #0000ff;\"><a style=\"color: #0000ff;\" href=\"https:\/\/www.itrc.gov.co\/Itrc\/wp-content\/uploads\/2020\/05\/LEY-1712-DEL-06-DE-MARZO-DE-2014.pdf\" target=\"_blank\" rel=\"noopener\"><span style=\"color: #00ccff;\">Ley 1712<\/span><\/a><br \/>\n<\/span>del 6 de marzo de 2014 la Unidad Administrativa Especial Agencia del Inspector General de Tributos, Rentas y Contribuciones Para fiscales (ITRC) pone a disposici\u00f3n de la ciudadan\u00eda la siguiente informaci\u00f3n.<\/p>\n<p><!--Inicio 1--><\/p>\n<h4><strong>1. Informaci\u00f3n de la entidad<\/strong><\/h4>\n<ul>\n<li><a href=\"https:\/\/www.itrc.gov.co\/Itrc\/mision-vision-y-proposito-estrategico\/\">1.1. Misi\u00f3n, visi\u00f3n, funciones y deberes<\/a><\/li>\n<li><a href=\"https:\/\/www.itrc.gov.co\/Itrc\/organigrama\/\">1.2. Estructura org\u00e1nica - organigrama<\/a><\/li>\n<li><a href=\"https:\/\/www.itrc.gov.co\/Itrc\/wp-content\/uploads\/2025\/09\/Procesos-y-Procedimientos-de-la-Agencia-ITRC.pdf\" target=\"_blank\" rel=\"noopener\">1.3. Mapas y cartas descriptivas de los procesos.<\/a><\/li>\n<li><a href=\"https:\/\/www.itrc.gov.co\/Itrc\/canales-de-atencion-al-ciudadano\/\">1.4. Directorio Institucional<\/a><\/li>\n<li><a href=\"https:\/\/www.itrc.gov.co\/Itrc\/directorio\/\">1.5. Directorio de servidores p\u00fablicos, empleados o contratistas<\/a><\/li>\n<li><a title=\"Directorio de entidades\" href=\"https:\/\/www.itrc.gov.co\/Itrc\/directorio-de-entidades\/\">1.6. Directorio de entidades<\/a><\/li>\n<li><a href=\"https:\/\/www.itrc.gov.co\/Itrc\/directorio-de-agremiaciones-asociaciones-y-otros-grupos-de-interes\/\" rel=\"noopener\">1.7. Directorio de agremiaciones, asociaciones y otros grupos de inter\u00e9s<\/a><\/li>\n<li><span style=\"font-weight: bolder;\">1.8. Servicio al p\u00fablico, normas, formularios y protocolos de atenci\u00f3n<\/span>\n<ul>\n<li><a href=\"https:\/\/www.itrc.gov.co\/Itrc\/normas-que-los-sustentan\/\" rel=\"noopener\">1.8.1. Normas<\/a><\/li>\n<li><a title=\"Formatos y formularios\" href=\"https:\/\/www.itrc.gov.co\/Itrc\/formatos-y-formularios\/\">1.8.2. Formularios<\/a><\/li>\n<li><a title=\"Protocolos de atenci\u00f3n\" href=\"https:\/\/www.itrc.gov.co\/Itrc\/protocolo-de-atencion-al-ciudadano\/\">1.8.3. Protocolos de atenci\u00f3n<\/a><\/li>\n<\/ul>\n<\/li>\n<li><a title=\"1.9. Procedimientos que se siguen para tomar decisiones en las diferentes \u00e1reas\" href=\"https:\/\/www.itrc.gov.co\/Itrc\/transparencia-y-acceso-a-la-informacion-publica\/procedimientos-que-se-siguen-para-tomar-decisiones-en-las-diferentes-areas\/\">1.9. Procedimientos que se siguen para tomar decisiones en las diferentes \u00e1reas<\/a><\/li>\n<li><a href=\"https:\/\/www.itrc.gov.co\/Itrc\/tu-p-q-r-s-al-dia\/\" target=\"_blank\" rel=\"noopener\">1.10. Mecanismos para presentar quejas y reclamos en relaci\u00f3n con omisiones o acciones del sujeto obligado<\/a><\/li>\n<li><a href=\"https:\/\/www.itrc.gov.co\/Itrc\/calendario-de-eventos\/\">1.11. Calendario de actividades<\/a><\/li>\n<li><a href=\"https:\/\/www.itrc.gov.co\/Itrc\/documentos-de-interes\/resoluciones-circulares-y-otros-actos-administrativos\/\">1.12. Informaci\u00f3n sobre decisiones que pueden afectar al p\u00fablico<\/a><\/li>\n<li><a href=\"https:\/\/www.itrc.gov.co\/Itrc\/sistema-de-control-interno\/supervision-y-vigilancia\/\">1.13. Entes y autoridades que vigilan a la Agencia ITRC<\/a><\/li>\n<li><a href=\"https:\/\/www.itrc.gov.co\/Itrc\/transparencia-y-acceso-a-la-informacion-publica\/publicacion-hojas-de-vida\/\" rel=\"noopener\">1.14. Publicaci\u00f3n de hojas de vida<\/a><\/li>\n<li>1.15 Integridad\n<ul>\n<li><a href=\"https:\/\/www.funcionpublica.gov.co\/fdci\/consultaCiudadana\/index\" target=\"_blank\" rel=\"noopener\">Consulta Ciudadana - Declaraciones Ley 2013 de 2019<\/a><\/li>\n<li><a href=\"https:\/\/www.funcionpublica.gov.co\/fdci\/consultaCiudadana\/consultaPEP\">Consulta Ciudadana - Personas Expuestas Pol\u00edticamente (PEP)<\/a><\/li>\n<\/ul>\n<\/li>\n<\/ul>\n<h4><strong>2. Normativa<\/strong><\/h4>\n<ul>\n<li><span style=\"font-weight: bolder;\">2.1. Normativa de la entidad<\/span>\n<ul>\n<li><a href=\"https:\/\/www.itrc.gov.co\/Itrc\/leyes\/\" rel=\"noopener\">2.1.1. Leyes<\/a><\/li>\n<li><a href=\"https:\/\/www.itrc.gov.co\/Itrc\/transparencia-y-acceso-a-la-informacion-publica\/decreto-unico-reglamentario\/\" rel=\"noopener\">2.1.2. Decreto \u00danico Reglamentario<\/a><\/li>\n<li><a href=\"https:\/\/www.itrc.gov.co\/Itrc\/normativa-aplicada\/\">2.1.3. Normativa Aplicable<\/a><\/li>\n<li><a href=\"http:\/\/svrpubindc.imprenta.gov.co\/diario\/index.xhtml\" target=\"_blank\" rel=\"noopener\">2.1.4. Diario o Gaceta Oficial<\/a><\/li>\n<li><a href=\"https:\/\/www.itrc.gov.co\/Itrc\/politicas-lineamientos-y-manuales\/\" rel=\"noopener\">2.1.5. Pol\u00edticas, lineamientos y manuales<\/a><\/li>\n<li><a href=\"https:\/\/www.minhacienda.gov.co\/normativa\/agenda-regulatoria-2025\" target=\"_blank\" rel=\"noopener\">2.1.6. Agenda Regulatoria<\/a><\/li>\n<\/ul>\n<\/li>\n<li><span style=\"font-weight: bolder;\">2.2. B\u00fasqueda de normas<\/span>\n<ul>\n<li><a href=\"https:\/\/www.itrc.gov.co\/Itrc\/transparencia-y-acceso-a-la-informacion-publica\/unificacion-normativa-suin-juriscol\/\" rel=\"noopener\">2.2.1. Sistema \u00danico de Informaci\u00f3n Normativa \u2013 SUIN <\/a><\/li>\n<li><a href=\"https:\/\/www.itrc.gov.co\/Itrc\/documentos-de-interes\/resoluciones-circulares-y-otros-actos-administrativos\/\" rel=\"noopener\">2.2.2. Sistema de B\u00fasquedas de Normas - Agencia ITRC <\/a><\/li>\n<\/ul>\n<\/li>\n<li><span style=\"font-weight: bolder;\"><strong><a href=\"https:\/\/www.minhacienda.gov.co\/normativa\/agenda-regulatoria-2025\">2.3. Proyectos de normas para comentarios<\/a><\/strong><\/span><\/li>\n<\/ul>\n<h4><strong>3. Contrataci\u00f3n<\/strong><\/h4>\n<ul>\n<li><a href=\"https:\/\/www.itrc.gov.co\/Itrc\/plan-de-adquisiciones\/\">3.1. Plan Anual de Adquisiciones<\/a><\/li>\n<li><a href=\"https:\/\/www.itrc.gov.co\/Itrc\/contratacion-suscrita\/\">3.2. Publicaci\u00f3n de la informaci\u00f3n contractual<\/a><\/li>\n<li><a href=\"https:\/\/www.itrc.gov.co\/Itrc\/publicacion-de-la-ejecucion-de-contratos\/\">3.3. Publicaci\u00f3n de la ejecuci\u00f3n de contratos<\/a><\/li>\n<li><a href=\"https:\/\/www.itrc.gov.co\/Itrc\/publicacion-de-procedimientos-lineamientos-y-politicas-en-materia-de-adquisicion-y-compras\/\">3.4. Manual de contrataci\u00f3n, adquisici\u00f3n y\/o compras<\/a><\/li>\n<li><a href=\"https:\/\/www.itrc.gov.co\/Itrc\/transparencia-y-acceso-a-la-informacion-publica\/formatos-o-modelos-de-contratos-o-pliego-tipo\/\">3.5. Formatos o modelos de contratos o pliego tipo<\/a><\/li>\n<\/ul>\n<h4><strong>4. Planeaci\u00f3n<\/strong><\/h4>\n<ul>\n<li><a href=\"https:\/\/www.itrc.gov.co\/Itrc\/wp-content\/uploads\/2026\/01\/Plan-de-Gasto-2026.pdf\" target=\"_blank\" rel=\"noopener\">4.1. Presupuesto general de ingresos, gastos e inversi\u00f3n<\/a><\/li>\n<li><a href=\"https:\/\/www.itrc.gov.co\/Itrc\/informacion-financiera\/\">4.2. Ejecuci\u00f3n presupuestal<\/a><\/li>\n<li><a href=\"https:\/\/www.itrc.gov.co\/Itrc\/direccionamiento-estrategico\/planes\/\">4.3. Planes estrat\u00e9gicos, sectoriales e institucionales<\/a>\n<ul>\n<li><a href=\"https:\/\/www.itrc.gov.co\/Itrc\/wp-content\/uploads\/2026\/02\/Plan-de-Accion-Anual-2026-1.xlsx\">4.3.1. Plan de acci\u00f3n anual<\/a><\/li>\n<\/ul>\n<\/li>\n<li><a title=\"Programas y proyectos en ejecuci\u00f3n\" href=\"https:\/\/www.itrc.gov.co\/Itrc\/programas-y-proyectos-en-ejecucion\/\">4.4. Proyectos de Inversi\u00f3n<\/a><\/li>\n<li><a href=\"https:\/\/www.itrc.gov.co\/Itrc\/informes-de-empalme\/\">4.5. Informes de empalme<\/a><\/li>\n<li><span style=\"font-weight: bolder;\">4.7. Informes de gesti\u00f3n, evaluaci\u00f3n y auditor\u00eda<\/span>\n<ul>\n<li><a href=\"https:\/\/www.itrc.gov.co\/Itrc\/direccionamiento-estrategico\/informes\/\" rel=\"noopener\">4.7.1. Informe de Gesti\u00f3n<\/a><\/li>\n<li><a href=\"https:\/\/www.itrc.gov.co\/Itrc\/informe-de-rendicion-de-la-cuenta-fiscal-a-la-contraloria-general-de-la-republica-informes-a-organismos-de-inspeccion-vigilancia-y-control\/\" rel=\"noopener\">4.7.2. Informe de rendici\u00f3n de cuentas ante la Contralor\u00eda General de la Rep\u00fablica<\/a><\/li>\n<li><a href=\"https:\/\/www.itrc.gov.co\/Itrc\/rendicion-de-cuentas\/\">4.7.3. Informe de Rendici\u00f3n de Cuentas a la ciudadan\u00eda<\/a><\/li>\n<li><a href=\"https:\/\/www.itrc.gov.co\/Itrc\/sistema-de-control-interno\/informes-legales\/\">4.7.4. Informes a organismos de inspecci\u00f3n, vigilancia y control<\/a><\/li>\n<li><a href=\"https:\/\/www.itrc.gov.co\/Itrc\/sistema-de-control-interno\/planes-de-mejoramiento-2\/\">4.7.5. Planes de mejoramiento<\/a>\n<ul>\n<li><a href=\"https:\/\/www.itrc.gov.co\/Itrc\/sistema-de-control-interno\/planes-de-mejoramiento-2\/auditorias-por-parte-de-la-contraloria\/\">4.7.5.1. Informes Organismos de control<\/a><\/li>\n<li><a href=\"https:\/\/www.itrc.gov.co\/Itrc\/rendicion-de-cuentas\/\">4.7.5.2. Plan mejoramiento Rendici\u00f3n de cuentas<\/a><\/li>\n<\/ul>\n<\/li>\n<\/ul>\n<\/li>\n<li><span style=\"font-weight: bolder;\">4.8. Informes de la Oficina de Control Interno<\/span>\n<ul>\n<li><a href=\"https:\/\/www.itrc.gov.co\/Itrc\/evaluacion-independiente-sistema-de-control-interno\/\" rel=\"noopener\">4.8.1. Informe de evaluaci\u00f3n independiente del estado del Sistema de Control interno.<br \/>\n<\/a><\/li>\n<li><a href=\"https:\/\/www.itrc.gov.co\/Itrc\/sistema-de-control-interno\/informes-legales\/\">4.8.2 Informes de Evaluaci\u00f3n y Auditor\u00eda de la Agencia (3LD).<\/a><\/li>\n<\/ul>\n<\/li>\n<li><span style=\"font-weight: bolder;\">4.9. Informes de Defensa Judicial<\/span>\n<ul>\n<li><a href=\"https:\/\/www.itrc.gov.co\/Itrc\/participa\/informe-defensa-publica-y-prevencion-del-dano-antijuridico\/\" rel=\"noopener\">4.9.1. Informe sobre Defensa P\u00fablica y Prevenci\u00f3n del Da\u00f1o Antijur\u00eddico<\/a><\/li>\n<li><a href=\"https:\/\/www.itrc.gov.co\/Itrc\/participa\/informe-de-gestion-del-comite-de-conciliacion\/\" rel=\"noopener\">4.9.2. Informe de Gesti\u00f3n del Comit\u00e9 de Conciliaci\u00f3n<\/a><\/li>\n<\/ul>\n<\/li>\n<li><a href=\"https:\/\/www.itrc.gov.co\/Itrc\/tu-p-q-r-s-al-dia\/\" rel=\"noopener\">4.10. Informes trimestrales sobre acceso a informaci\u00f3n, quejas y reclamos<\/a><\/li>\n<\/ul>\n<h4><a href=\"https:\/\/www.itrc.gov.co\/Itrc\/transparencia-y-acceso-a-la-informacion-publica\/tramites\/\"><strong>5. Tr\u00e1mites<\/strong><\/a><\/h4>\n<ul>\n<li><a href=\"https:\/\/www.itrc.gov.co\/Itrc\/formatos-y-formularios\/\">5.1. Formatos y\/o Formularios Asociados<\/a><\/li>\n<\/ul>\n<h4><strong>6. Menu Participa<\/strong><\/h4>\n<ul>\n<li>En el siguiente <a href=\"https:\/\/www.itrc.gov.co\/Itrc\/participa\/\">enlace<\/a> ser\u00e1 dirigido a los mecanismos de participaci\u00f3n ciudadana proporcionados por la Agencia del Inspector General de Tributos, Rentas y Contribuciones Parafiscales- ITRC.<\/li>\n<\/ul>\n<h4><strong>7. Datos Abiertos<\/strong><\/h4>\n<ul>\n<li><span style=\"font-weight: bolder;\">7.1. Instrumentos de gesti\u00f3n de la informaci\u00f3n<\/span>\n<ul>\n<li><a href=\"https:\/\/www.itrc.gov.co\/Itrc\/transparencia-y-acceso-a-la-informacion-publica\/registro-de-activos-de-informacion\/\" rel=\"noopener\">7.1.1. Registro de Activos de Informaci\u00f3n<\/a><\/li>\n<li><a href=\"https:\/\/www.itrc.gov.co\/Itrc\/transparencia-y-acceso-a-la-informacion-publica\/indice-de-informacion-clasificada-y-reservada\/\" target=\"_blank\" rel=\"noopener\">7.1.2. \u00cdndice de Informaci\u00f3n Clasificada y Reservada<\/a><\/li>\n<li><a href=\"https:\/\/www.itrc.gov.co\/Itrc\/esquema-de-publicacion-de-la-informacion\/\">7.1.3. Esquema de publicaci\u00f3n de la informaci\u00f3n.<\/a><\/li>\n<li><a href=\"https:\/\/www.itrc.gov.co\/Itrc\/transparencia-y-acceso-a-la-informacion-publica\/programa-de-gestion-documental\/\" rel=\"noopener\">7.1.4. Programa de Gesti\u00f3n Documental<\/a><\/li>\n<li><a href=\"https:\/\/www.itrc.gov.co\/Itrc\/tablas-de-retencion-documental\/\" rel=\"noopener\">7.1.5. Tablas de Retenci\u00f3n Documental<\/a><\/li>\n<\/ul>\n<\/li>\n<li><a href=\"https:\/\/www.itrc.gov.co\/Itrc\/publicacion-de-datos-abiertos\/\">7.2. Secci\u00f3n de datos abiertos<\/a><\/li>\n<\/ul>\n<h4><strong>8. Informaci\u00f3n espec\u00edfica para grupos de inter\u00e9s<\/strong><\/h4>\n<ul>\n<li><span style=\"font-weight: bolder;\">8.1. Informaci\u00f3n para Grupos Espec\u00edficos<\/span>\n<ul>\n<li><a href=\"https:\/\/www.itrc.gov.co\/observatorio\/eje-de-educacion\/itrc-para-ninos-ninas-adolescentes\/\" rel=\"noopener\">8.1.1. Informaci\u00f3n para ni\u00f1os, ni\u00f1as y adolescentes<\/a><\/li>\n<li><a href=\"https:\/\/www.itrc.gov.co\/Itrc\/transparencia-y-acceso-a-la-informacion-publica\/informacion-para-mujeres\/\">8.1.2. Informaci\u00f3n para mujeres<\/a><\/li>\n<li><a href=\"https:\/\/www.itrc.gov.co\/Itrc\/participa\/otros-de-grupos-de-interes\/\">8.1.3. Otros grupos de inter\u00e9s<\/a><\/li>\n<\/ul>\n<\/li>\n<\/ul>\n<h4><strong>9. Obligaci\u00f3n de reporte de informaci\u00f3n espec\u00edfica por parte de la entidad<\/strong><\/h4>\n<ul>\n<li><a href=\"https:\/\/www.itrc.gov.co\/Itrc\/transparencia-y-acceso-a-la-informacion-publica\/normatividad-especial\/\" rel=\"noopener\">9.1. Normatividad Especial<\/a><\/li>\n<li><a href=\"https:\/\/www.itrc.gov.co\/Itrc\/accesibilidad\/\" rel=\"noopener\">9.2. Accesibilidad<\/a><\/li>\n<li><a title=\"Informes de gesti\u00f3n, evaluaci\u00f3n y auditor\u00eda\" href=\"https:\/\/www.itrc.gov.co\/Itrc\/informes-a-organismos-de-inspeccion-vigilancia-y-control\/\">9.3. Informes de gesti\u00f3n, evaluaci\u00f3n y auditor\u00eda<\/a><\/li>\n<li><a href=\"https:\/\/www.itrc.gov.co\/Itrc\/sistema-de-control-interno\/informes-legales\/\">9.4. Reportes de control interno<\/a><\/li>\n<\/ul>\n<p><!--Fin 9--><\/p>\n<h4>10. <a role=\"link\" href=\"https:\/\/www.itrc.gov.co\/Itrc\/wp-content\/uploads\/2025\/09\/Autodiagnostico-ITRC-MSPI-Instrumento.xlsx\" rel=\"noopener\"><strong>Implementaci\u00f3n Modelo de Seguridad y Privacidad de la Informaci\u00f3n (MSPI) - Evaluaci\u00f3n<\/strong><\/a><\/h4>\n","protected":false},"excerpt":{"rendered":"<p>\u200bLey de Transparencia y del Derecho de Acceso a la Informaci\u00f3n P\u00fablica Nacional \u200bEn cumplimiento a la Ley 1712 del 6 de marzo de 2014 la Unidad Administrativa Especial Agencia del Inspector General de Tributos, Rentas y Contribuciones Para fiscales (ITRC) pone a disposici\u00f3n de la ciudadan\u00eda la siguiente informaci\u00f3n. 1. Informaci\u00f3n de la entidad 1.1. Misi\u00f3n, visi\u00f3n, funciones y&nbsp;<a href=\"https:\/\/www.itrc.gov.co\/Itrc\/transparencia-y-acceso-a-la-informacion-publica\/\" class=\"read-more\">Seguir leyendo<\/a><\/p>\n","protected":false},"author":1,"featured_media":0,"parent":0,"menu_order":0,"comment_status":"closed","ping_status":"closed","template":"page-fullwidth.php","meta":{"footnotes":""},"class_list":["post-3862","page","type-page","status-publish","hentry"],"_links":{"self":[{"href":"https:\/\/www.itrc.gov.co\/Itrc\/wp-json\/wp\/v2\/pages\/3862","targetHints":{"allow":["GET"]}}],"collection":[{"href":"https:\/\/www.itrc.gov.co\/Itrc\/wp-json\/wp\/v2\/pages"}],"about":[{"href":"https:\/\/www.itrc.gov.co\/Itrc\/wp-json\/wp\/v2\/types\/page"}],"author":[{"embeddable":true,"href":"https:\/\/www.itrc.gov.co\/Itrc\/wp-json\/wp\/v2\/users\/1"}],"replies":[{"embeddable":true,"href":"https:\/\/www.itrc.gov.co\/Itrc\/wp-json\/wp\/v2\/comments?post=3862"}],"version-history":[{"count":291,"href":"https:\/\/www.itrc.gov.co\/Itrc\/wp-json\/wp\/v2\/pages\/3862\/revisions"}],"predecessor-version":[{"id":15662,"href":"https:\/\/www.itrc.gov.co\/Itrc\/wp-json\/wp\/v2\/pages\/3862\/revisions\/15662"}],"wp:attachment":[{"href":"https:\/\/www.itrc.gov.co\/Itrc\/wp-json\/wp\/v2\/media?parent=3862"}],"curies":[{"name":"wp","href":"https:\/\/api.w.org\/{rel}","templated":true}]}}