{"id":3876,"date":"2019-09-19T11:33:28","date_gmt":"2019-09-19T16:33:28","guid":{"rendered":"https:\/\/www.itrc.gov.co\/Itrc\/?page_id=3876"},"modified":"2020-09-30T12:00:05","modified_gmt":"2020-09-30T17:00:05","slug":"estudios-investigaciones-y-otras-publicaciones","status":"publish","type":"page","link":"https:\/\/www.itrc.gov.co\/Itrc\/estudios-investigaciones-y-otras-publicaciones\/","title":{"rendered":"Estudios, investigaciones y otras publicaciones"},"content":{"rendered":"<p><span style=\"color: #000000;\"><strong>Sobre Gesti\u00f3n Disciplinaria<\/strong><\/span><\/p>\n<ul>\n<li><a href=\"https:\/\/www.itrc.gov.co\/Itrc\/wp-content\/uploads\/2020\/09\/Gu\u00eda-Especializada-para-la-investigaci\u00f3n-del-incremento-patrimonial-no-justificado.pdf\" rel=\"noopener\">Gu\u00eda Especializada para la investigaci\u00f3n del incremento patrimonial no justificado<\/a><\/li>\n<li><a href=\"https:\/\/www.itrc.gov.co\/Itrc\/wp-content\/uploads\/2020\/09\/Manual-para-el-manejo-de-investigaciones-disciplinarias-por-conductas-relacionadas-con-el-tr\u00e1mite-de-devoluciones.pdf\" rel=\"noopener\">Manual para el manejo de investigaciones disciplinarias por conductas relacionadas con el tr\u00e1mite de devoluciones<\/a><\/li>\n<\/ul>\n<p><span style=\"color: #000000;\"><strong>Sobre Auditor\u00eda y Gesti\u00f3n del Riesgo<\/strong><\/span><\/p>\n<ul>\n<li><a href=\"https:\/\/www.itrc.gov.co\/Itrc\/pestana\/documentos\/guiaspfc.pdf\" rel=\"noopener\">Gu\u00eda metodol\u00f3gica para la identificaci\u00f3n de riesgos de fraude y corrupci\u00f3n en la administraci\u00f3n de tributos, rentas y contribuciones parafiscales\u00a0<\/a><\/li>\n<\/ul>\n<p><strong><span style=\"color: #000000;\">Observatorio de Fraude y Corrupci\u00f3n<\/span><\/strong><\/p>\n<ul>\n<li><a href=\"https:\/\/www.itrc.gov.co\/observatorio\/\" target=\"_blank\" rel=\"noopener noreferrer\">Observatorio<\/a><\/li>\n<\/ul>\n","protected":false},"excerpt":{"rendered":"<p>Sobre Gesti\u00f3n Disciplinaria Gu\u00eda Especializada para la investigaci\u00f3n del incremento patrimonial no justificado Manual para el manejo de investigaciones disciplinarias por conductas relacionadas con el tr\u00e1mite de devoluciones Sobre Auditor\u00eda y Gesti\u00f3n del Riesgo Gu\u00eda metodol\u00f3gica para la identificaci\u00f3n de riesgos de fraude y corrupci\u00f3n en la administraci\u00f3n de tributos, rentas y contribuciones parafiscales\u00a0 Observatorio de Fraude y Corrupci\u00f3n Observatorio<\/p>\n","protected":false},"author":1,"featured_media":0,"parent":0,"menu_order":0,"comment_status":"closed","ping_status":"closed","template":"page-fullwidth.php","meta":{"footnotes":""},"class_list":["post-3876","page","type-page","status-publish","hentry"],"_links":{"self":[{"href":"https:\/\/www.itrc.gov.co\/Itrc\/wp-json\/wp\/v2\/pages\/3876","targetHints":{"allow":["GET"]}}],"collection":[{"href":"https:\/\/www.itrc.gov.co\/Itrc\/wp-json\/wp\/v2\/pages"}],"about":[{"href":"https:\/\/www.itrc.gov.co\/Itrc\/wp-json\/wp\/v2\/types\/page"}],"author":[{"embeddable":true,"href":"https:\/\/www.itrc.gov.co\/Itrc\/wp-json\/wp\/v2\/users\/1"}],"replies":[{"embeddable":true,"href":"https:\/\/www.itrc.gov.co\/Itrc\/wp-json\/wp\/v2\/comments?post=3876"}],"version-history":[{"count":4,"href":"https:\/\/www.itrc.gov.co\/Itrc\/wp-json\/wp\/v2\/pages\/3876\/revisions"}],"predecessor-version":[{"id":6425,"href":"https:\/\/www.itrc.gov.co\/Itrc\/wp-json\/wp\/v2\/pages\/3876\/revisions\/6425"}],"wp:attachment":[{"href":"https:\/\/www.itrc.gov.co\/Itrc\/wp-json\/wp\/v2\/media?parent=3876"}],"curies":[{"name":"wp","href":"https:\/\/api.w.org\/{rel}","templated":true}]}}