{"id":3912,"date":"2019-09-19T12:22:53","date_gmt":"2019-09-19T17:22:53","guid":{"rendered":"https:\/\/www.itrc.gov.co\/Itrc\/?page_id=3912"},"modified":"2023-09-01T11:28:20","modified_gmt":"2023-09-01T16:28:20","slug":"directorio-de-entidades","status":"publish","type":"page","link":"https:\/\/www.itrc.gov.co\/Itrc\/directorio-de-entidades\/","title":{"rendered":"Directorio de Entidades"},"content":{"rendered":"<p><strong>Entidades adscritas al Ministerio de Hacienda y Cr\u00e9dito P\u00fablico<\/strong><\/p>\n<ul>\n<li style=\"list-style-type: none;\">\n<ul>\n<li><a href=\"https:\/\/www.fogafin.gov.co\/\" target=\"_blank\" rel=\"noopener\">Fondo de Garant\u00edas de Instituciones Financieras (Fogaf\u00edn)<\/a><\/li>\n<li><a href=\"http:\/\/www.ugpp.gov.co\/\" target=\"_blank\" rel=\"noopener\">Unidad de Gesti\u00f3n Pensional y Parafiscales (Ugpp)<\/a><\/li>\n<li><a href=\"http:\/\/www.contaduria.gov.co\" target=\"_blank\" rel=\"noopener\">Contadur\u00eda General de La Naci\u00f3n<\/a><\/li>\n<li><a href=\"https:\/\/www.supersolidaria.gov.co\/es\/home-1\" target=\"_blank\" rel=\"noopener\">Superintendencia de Econom\u00eda Solidaria (Supersolidaria)<\/a><\/li>\n<li><a href=\"https:\/\/www.superfinanciera.gov.co\/\" target=\"_blank\" rel=\"noopener\">Superintendencia Financiera de Colombia (Superfinanciera)<\/a><\/li>\n<li><a href=\"https:\/\/www.dian.gov.co\/\" target=\"_blank\" rel=\"noopener\">Direcci\u00f3n Impuestos y Aduanas Nacionales (Dian)<\/a><\/li>\n<li><a href=\"https:\/\/www.fondoadaptacion.gov.co\/\" target=\"_blank\" rel=\"noopener\">Fondo Adaptaci\u00f3n<\/a><\/li>\n<li><a href=\"https:\/\/www.itrc.gov.co\" target=\"_blank\" rel=\"noopener\">Inspector General de Tributos, Rentas y Contribuciones Parafiscales (ITRC)<\/a><\/li>\n<li><a href=\"https:\/\/www.uiaf.gov.co\/\" target=\"_blank\" rel=\"noopener\">Unidad de Informaci\u00f3n y An\u00e1lisis Financiero (UIAF)<\/a><\/li>\n<li><a href=\"http:\/\/www.urf.gov.co\/\" target=\"_blank\" rel=\"noopener\">Unidad Proyecci\u00f3n Normativa y Estudios de Regulaci\u00f3n Financiera (URF)<\/a><\/li>\n<\/ul>\n<\/li>\n<\/ul>\n<p><strong>Entidades vinculadas al Ministerio de Hacienda y Cr\u00e9dito P\u00fablico<\/strong><\/p>\n<ul>\n<li style=\"list-style-type: none;\">\n<ul>\n<li><a href=\"http:\/\/www.findeter.gov.co\/\" target=\"_blank\" rel=\"noopener\">Financiera de Desarrollo Territorial S.A.<\/a><\/li>\n<li><a href=\"https:\/\/www.previsora.gov.co\/\" target=\"_blank\" rel=\"noopener\">Previsora S.A, Compa\u00f1\u00eda de Seguros<\/a><\/li>\n<li><a href=\"http:\/\/www.fogacoop.gov.co\/\" target=\"_blank\" rel=\"noopener\">Fondo de Garant\u00edas de Entidades Cooperativas (Fogacoop)<\/a><\/li>\n<li><a href=\"http:\/\/www.fdn.com.co\/\" target=\"_blank\" rel=\"noopener\">Financiera de Desarrollo Nacional (FND)<\/a><\/li>\n<li><a href=\"http:\/\/www.coljuegos.gov.co\/\" target=\"_blank\" rel=\"noopener\">Coljuegos<\/a><\/li>\n<li><a href=\"http:\/\/www.fiduprevisora.com.co\" target=\"_blank\" rel=\"noopener\">Fiduciaria La Previsora (Fiduprevisora<\/a><\/li>\n<li><a href=\"https:\/\/www.cisa.gov.co\/\" target=\"_blank\" rel=\"noopener\">Central de Inversiones S.A (Cisa)<\/a><\/li>\n<li><a href=\"https:\/\/www.positiva.gov.co\/\" target=\"_blank\" rel=\"noopener\">Positiva Compa\u00f1\u00eda de Seguros<\/a><\/li>\n<li><a href=\"https:\/\/www.saesas.gov.co\/\" target=\"_blank\" rel=\"noopener\">Sociedad de Activos Especiales S.A.S (SAE)<\/a><\/li>\n<\/ul>\n<\/li>\n<\/ul>\n<p><strong>Grupo Bicentenario<\/strong><\/p>\n<ul>\n<li style=\"list-style-type: none;\">\n<ul>\n<li><a href=\"https:\/\/www.bancoldex.com\/\" target=\"_blank\" rel=\"noopener\">Bancoldex<\/a><\/li>\n<li><a href=\"https:\/\/www.enterritorio.gov.co\/web\/\" target=\"_blank\" rel=\"noopener\">Empresa Nacional Promotora del Desarrollo Territorial<\/a><\/li>\n<li><a href=\"https:\/\/www.bancoagrario.gov.co\/\" target=\"_blank\" rel=\"noopener\">Banco Agrario de Colombia<\/a><\/li>\n<li><a href=\"https:\/\/www.fiduagraria.gov.co\/\" target=\"_blank\" rel=\"noopener\">Sociedad Fiduciaria de Desarrollo Agropecuario S.A. -Fiduagraria<\/a><\/li>\n<li><a href=\"https:\/\/www.fna.gov.co\/\" target=\"_blank\" rel=\"noopener\">Fondo Nacional del Ahorro -FNA<\/a><\/li>\n<li><a href=\"https:\/\/www.fng.gov.co\/\" target=\"_blank\" rel=\"noopener\">Fondo Nacional de Garant\u00edas -FNG<\/a><\/li>\n<li><a href=\"https:\/\/web.icetex.gov.co\/portal\" target=\"_blank\" rel=\"noopener\">ICETEX<\/a><\/li>\n<li><a href=\"https:\/\/www.finagro.com.co\/\" target=\"_blank\" rel=\"noopener\">Fondo para el Financiamiento del Sector Agropecuario -Finagro<\/a><\/li>\n<li><a href=\"https:\/\/www.fiducoldex.com.co\/\" target=\"_blank\" rel=\"noopener\">Fiduciaria Colombiana de Comercio Exterior S.A \u2013 Fiducoldex<\/a><\/li>\n<\/ul>\n<\/li>\n<\/ul>\n","protected":false},"excerpt":{"rendered":"<p>Entidades adscritas al Ministerio de Hacienda y Cr\u00e9dito P\u00fablico Fondo de Garant\u00edas de Instituciones Financieras (Fogaf\u00edn) Unidad de Gesti\u00f3n Pensional y Parafiscales (Ugpp) Contadur\u00eda General de La Naci\u00f3n Superintendencia de Econom\u00eda Solidaria (Supersolidaria) Superintendencia Financiera de Colombia (Superfinanciera) Direcci\u00f3n Impuestos y Aduanas Nacionales (Dian) Fondo Adaptaci\u00f3n Inspector General de Tributos, Rentas y Contribuciones Parafiscales (ITRC) Unidad de Informaci\u00f3n y An\u00e1lisis&nbsp;<a href=\"https:\/\/www.itrc.gov.co\/Itrc\/directorio-de-entidades\/\" class=\"read-more\">Seguir leyendo<\/a><\/p>\n","protected":false},"author":1,"featured_media":0,"parent":0,"menu_order":0,"comment_status":"closed","ping_status":"closed","template":"page-fullwidth.php","meta":{"footnotes":""},"class_list":["post-3912","page","type-page","status-publish","hentry"],"_links":{"self":[{"href":"https:\/\/www.itrc.gov.co\/Itrc\/wp-json\/wp\/v2\/pages\/3912","targetHints":{"allow":["GET"]}}],"collection":[{"href":"https:\/\/www.itrc.gov.co\/Itrc\/wp-json\/wp\/v2\/pages"}],"about":[{"href":"https:\/\/www.itrc.gov.co\/Itrc\/wp-json\/wp\/v2\/types\/page"}],"author":[{"embeddable":true,"href":"https:\/\/www.itrc.gov.co\/Itrc\/wp-json\/wp\/v2\/users\/1"}],"replies":[{"embeddable":true,"href":"https:\/\/www.itrc.gov.co\/Itrc\/wp-json\/wp\/v2\/comments?post=3912"}],"version-history":[{"count":8,"href":"https:\/\/www.itrc.gov.co\/Itrc\/wp-json\/wp\/v2\/pages\/3912\/revisions"}],"predecessor-version":[{"id":11548,"href":"https:\/\/www.itrc.gov.co\/Itrc\/wp-json\/wp\/v2\/pages\/3912\/revisions\/11548"}],"wp:attachment":[{"href":"https:\/\/www.itrc.gov.co\/Itrc\/wp-json\/wp\/v2\/media?parent=3912"}],"curies":[{"name":"wp","href":"https:\/\/api.w.org\/{rel}","templated":true}]}}