{"id":3945,"date":"2019-09-19T14:26:34","date_gmt":"2019-09-19T19:26:34","guid":{"rendered":"https:\/\/www.itrc.gov.co\/Itrc\/?page_id=3945"},"modified":"2020-10-09T10:59:06","modified_gmt":"2020-10-09T15:59:06","slug":"informes-a-organismos-de-inspeccion-vigilancia-y-control","status":"publish","type":"page","link":"https:\/\/www.itrc.gov.co\/Itrc\/informes-a-organismos-de-inspeccion-vigilancia-y-control\/","title":{"rendered":"Informes a Organismos de Inspecci\u00f3n, Vigilancia y Control"},"content":{"rendered":"<ul>\n<li style=\"text-align: left;\"><a href=\"https:\/\/www.itrc.gov.co\/Itrc\/informe-de-rendicion-de-la-cuenta-fiscal-a-la-contraloria-general-de-la-republica-informes-a-organismos-de-inspeccion-vigilancia-y-control\/\">Informe de Rendici\u00f3n de la Cuenta Fiscal a la Contralor\u00eda General de la Rep\u00fablica \/ Informes a organismos de inspecci\u00f3n, vigilancia y control.<\/a><\/li>\n<li><a href=\"https:\/\/www.itrc.gov.co\/Itrc\/direccionamiento-estrategico\/informes\/\">Informe de Gesti\u00f3n Institucional<\/a><\/li>\n<li><a href=\"https:\/\/www.itrc.gov.co\/Itrc\/rendicion-de-cuentas\/\">Informe de Rendici\u00f3n de Cuentas<\/a><\/li>\n<\/ul>\n","protected":false},"excerpt":{"rendered":"<p>Informe de Rendici\u00f3n de la Cuenta Fiscal a la Contralor\u00eda General de la Rep\u00fablica \/ Informes a organismos de inspecci\u00f3n, vigilancia y control. Informe de Gesti\u00f3n Institucional Informe de Rendici\u00f3n de Cuentas<\/p>\n","protected":false},"author":1,"featured_media":0,"parent":0,"menu_order":0,"comment_status":"closed","ping_status":"closed","template":"page-fullwidth.php","meta":{"footnotes":""},"class_list":["post-3945","page","type-page","status-publish","hentry"],"_links":{"self":[{"href":"https:\/\/www.itrc.gov.co\/Itrc\/wp-json\/wp\/v2\/pages\/3945","targetHints":{"allow":["GET"]}}],"collection":[{"href":"https:\/\/www.itrc.gov.co\/Itrc\/wp-json\/wp\/v2\/pages"}],"about":[{"href":"https:\/\/www.itrc.gov.co\/Itrc\/wp-json\/wp\/v2\/types\/page"}],"author":[{"embeddable":true,"href":"https:\/\/www.itrc.gov.co\/Itrc\/wp-json\/wp\/v2\/users\/1"}],"replies":[{"embeddable":true,"href":"https:\/\/www.itrc.gov.co\/Itrc\/wp-json\/wp\/v2\/comments?post=3945"}],"version-history":[{"count":7,"href":"https:\/\/www.itrc.gov.co\/Itrc\/wp-json\/wp\/v2\/pages\/3945\/revisions"}],"predecessor-version":[{"id":6561,"href":"https:\/\/www.itrc.gov.co\/Itrc\/wp-json\/wp\/v2\/pages\/3945\/revisions\/6561"}],"wp:attachment":[{"href":"https:\/\/www.itrc.gov.co\/Itrc\/wp-json\/wp\/v2\/media?parent=3945"}],"curies":[{"name":"wp","href":"https:\/\/api.w.org\/{rel}","templated":true}]}}