{"id":3960,"date":"2019-09-19T15:00:36","date_gmt":"2019-09-19T20:00:36","guid":{"rendered":"https:\/\/www.itrc.gov.co\/Itrc\/?page_id=3960"},"modified":"2020-10-08T13:08:32","modified_gmt":"2020-10-08T18:08:32","slug":"formatos-y-formularios","status":"publish","type":"page","link":"https:\/\/www.itrc.gov.co\/Itrc\/formatos-y-formularios\/","title":{"rendered":"Formatos y formularios requeridos"},"content":{"rendered":"<h4><strong><a href=\"https:\/\/www.itrc.gov.co\/denuncias\">Denuncias<\/a><\/strong><\/h4>\n<p>A trav\u00e9s del sistema de denuncia virtual de la Agencia del Inspector General de Tributos, Rentas y Contribuciones Parafiscales, se recepcionan las denuncias que se presenten en contra de los servidores p\u00fablicos de la DIAN, Coljuegos y la Unidad de Gesti\u00f3n Pensional y Parafiscal -UGPP.<\/p>\n<hr>\n<h4><strong><a href=\"https:\/\/www.itrc.gov.co\/Itrc\/tu-p-q-r-s-al-dia\/\">P.Q.R.S.F<\/a><\/strong><\/h4>\n<p>Las Peticiones quejas, reclamos, solicitudes y felicitaciones P.Q.R.S.F., son \u00fanicamente dirigidas a los servidores y contratistas que integran la Agencia del Inspector General de Tributos, Rentas y Contribuciones Parafiscales.<\/p>\n","protected":false},"excerpt":{"rendered":"<p>Denuncias A trav\u00e9s del sistema de denuncia virtual de la Agencia del Inspector General de Tributos, Rentas y Contribuciones Parafiscales, se recepcionan las denuncias que se presenten en contra de los servidores p\u00fablicos de la DIAN, Coljuegos y la Unidad de Gesti\u00f3n Pensional y Parafiscal -UGPP. P.Q.R.S.F Las Peticiones quejas, reclamos, solicitudes y felicitaciones P.Q.R.S.F., son \u00fanicamente dirigidas a los&nbsp;<a href=\"https:\/\/www.itrc.gov.co\/Itrc\/formatos-y-formularios\/\" class=\"read-more\">Seguir leyendo<\/a><\/p>\n","protected":false},"author":1,"featured_media":0,"parent":0,"menu_order":0,"comment_status":"closed","ping_status":"closed","template":"page-fullwidth.php","meta":{"footnotes":""},"class_list":["post-3960","page","type-page","status-publish","hentry"],"_links":{"self":[{"href":"https:\/\/www.itrc.gov.co\/Itrc\/wp-json\/wp\/v2\/pages\/3960","targetHints":{"allow":["GET"]}}],"collection":[{"href":"https:\/\/www.itrc.gov.co\/Itrc\/wp-json\/wp\/v2\/pages"}],"about":[{"href":"https:\/\/www.itrc.gov.co\/Itrc\/wp-json\/wp\/v2\/types\/page"}],"author":[{"embeddable":true,"href":"https:\/\/www.itrc.gov.co\/Itrc\/wp-json\/wp\/v2\/users\/1"}],"replies":[{"embeddable":true,"href":"https:\/\/www.itrc.gov.co\/Itrc\/wp-json\/wp\/v2\/comments?post=3960"}],"version-history":[{"count":6,"href":"https:\/\/www.itrc.gov.co\/Itrc\/wp-json\/wp\/v2\/pages\/3960\/revisions"}],"predecessor-version":[{"id":6524,"href":"https:\/\/www.itrc.gov.co\/Itrc\/wp-json\/wp\/v2\/pages\/3960\/revisions\/6524"}],"wp:attachment":[{"href":"https:\/\/www.itrc.gov.co\/Itrc\/wp-json\/wp\/v2\/media?parent=3960"}],"curies":[{"name":"wp","href":"https:\/\/api.w.org\/{rel}","templated":true}]}}