{"id":6223,"date":"2020-09-22T03:06:14","date_gmt":"2020-09-22T08:06:14","guid":{"rendered":"https:\/\/www.itrc.gov.co\/Itrc\/?page_id=6223"},"modified":"2024-07-23T00:28:36","modified_gmt":"2024-07-23T05:28:36","slug":"informe-de-rendicion-de-la-cuenta-fiscal-a-la-contraloria-general-de-la-republica-informes-a-organismos-de-inspeccion-vigilancia-y-control","status":"publish","type":"page","link":"https:\/\/www.itrc.gov.co\/Itrc\/informe-de-rendicion-de-la-cuenta-fiscal-a-la-contraloria-general-de-la-republica-informes-a-organismos-de-inspeccion-vigilancia-y-control\/","title":{"rendered":"Informe de Rendici\u00f3n de la Cuenta Fiscal a la Contralor\u00eda General de la Rep\u00fablica \/ Informes a organismos de inspecci\u00f3n, vigilancia y control."},"content":{"rendered":"<p><strong><a href=\"https:\/\/www.itrc.gov.co\/Itrc\/wp-content\/uploads\/2024\/07\/Certificacion-Cuenta-CGR-ITRC-2023.pdf\">Certificaci\u00f3n Rendici\u00f3n de cuenta anual consolidada CGR 2023<\/a><\/strong><\/p>\n<p><strong><a href=\"https:\/\/www.itrc.gov.co\/Itrc\/wp-content\/uploads\/2024\/07\/CuentaRendida-CGR-2023.xlsx\">Rendici\u00f3n de cuenta anual consolidada CGR 2023<\/a><\/strong><\/p>\n<p><strong><a href=\"https:\/\/www.itrc.gov.co\/Itrc\/wp-content\/uploads\/2023\/08\/Rendicion-Cuenta-Fiscal-2022-CGR.xlsx\">Rendici\u00f3n de cuenta anual consolidada CGR 2022<\/a><\/strong><\/p>\n<p><strong><a href=\"https:\/\/www.itrc.gov.co\/Itrc\/wp-content\/uploads\/2022\/03\/Rendicion-Cuenta-Fiscal-2021-CGR.xlsx\">Rendici\u00f3n de cuenta anual consolidada CGR 2021<\/a><\/strong><\/p>\n<p><strong><a href=\"https:\/\/www.itrc.gov.co\/Itrc\/wp-content\/uploads\/2022\/03\/Rendicion-cuenta-CGR-2020.xlsx\">Rendici\u00f3n de cuenta anual consolidada CGR 2020<\/a><\/strong><\/p>\n<p><strong><a href=\"https:\/\/www.itrc.gov.co\/Itrc\/wp-content\/uploads\/2020\/09\/FORMULARIOS-SIRECI-2019.xlsx\">Rendici\u00f3n de cuenta anual consolidada CGR 2019<\/a><\/strong><\/p>\n<p><strong><a href=\"https:\/\/www.itrc.gov.co\/Itrc\/wp-content\/uploads\/2020\/09\/FORMULARIOS-SIRECI-2018.xlsx\">Rendici\u00f3n de cuenta anual consolidada CGR 2018<\/a><\/strong><\/p>\n<p><strong><a href=\"https:\/\/www.itrc.gov.co\/Itrc\/wp-content\/uploads\/2020\/09\/FORMULARIOS-SIRECI-2017.xlsx\">Rendici\u00f3n de cuenta anual consolidada CGR 2017<\/a><\/strong><\/p>\n<p><strong><a href=\"https:\/\/www.itrc.gov.co\/Itrc\/wp-content\/uploads\/2020\/09\/FORMULARIOS-SIRECI-2016.xlsx\">Rendici\u00f3n de cuenta anual consolidada CGR 2016<\/a><\/strong><\/p>\n<p><strong><a href=\"https:\/\/www.itrc.gov.co\/Itrc\/wp-content\/uploads\/2016\/11\/Rendicin-de-Cuenta-Anual-Consolidada-2015.xlsx\">Rendici\u00f3n de cuenta anual consolidada CGR 2015<\/a><\/strong><\/p>\n<p><strong><a href=\"https:\/\/www.itrc.gov.co\/Itrc\/wp-content\/uploads\/2016\/11\/Rendicin-de-Cuenta-Anual-Consolidada-2014.xlsx\">Rendici\u00f3n de cuenta anual consolidada \u00a0CGR 2014<\/a><\/strong><\/p>\n<p><strong><a href=\"https:\/\/www.itrc.gov.co\/Itrc\/wp-content\/uploads\/2016\/11\/Rendicin-de-Cuenta-Anual-Consolidada-2013.xls\">Rendici\u00f3n de cuenta anual consolidada CGR 2013<\/a><\/strong><\/p>\n<p><strong><a href=\"https:\/\/www.itrc.gov.co\/Itrc\/wp-content\/uploads\/2016\/11\/Rendicin-de-Cuenta-Anual-Consolidada-2012.xls\">Rendici\u00f3n de cuenta anual consolidada CGR 2012<\/a><\/strong><\/p>\n<div id=\"gtx-trans\" style=\"position: absolute; left: -7px; top: 38px;\">\n<div class=\"gtx-trans-icon\">\u00a0<\/div>\n<\/div>\n","protected":false},"excerpt":{"rendered":"<p>Certificaci\u00f3n Rendici\u00f3n de cuenta anual consolidada CGR 2023 Rendici\u00f3n de cuenta anual consolidada CGR 2023 Rendici\u00f3n de cuenta anual consolidada CGR 2022 Rendici\u00f3n de cuenta anual consolidada CGR 2021 Rendici\u00f3n de cuenta anual consolidada CGR 2020 Rendici\u00f3n de cuenta anual consolidada CGR 2019 Rendici\u00f3n de cuenta anual consolidada CGR 2018 Rendici\u00f3n de cuenta anual consolidada CGR 2017 Rendici\u00f3n de cuenta&nbsp;<a href=\"https:\/\/www.itrc.gov.co\/Itrc\/informe-de-rendicion-de-la-cuenta-fiscal-a-la-contraloria-general-de-la-republica-informes-a-organismos-de-inspeccion-vigilancia-y-control\/\" class=\"read-more\">Seguir leyendo<\/a><\/p>\n","protected":false},"author":1,"featured_media":0,"parent":0,"menu_order":0,"comment_status":"closed","ping_status":"closed","template":"page-fullwidth.php","meta":{"footnotes":""},"class_list":["post-6223","page","type-page","status-publish","hentry"],"_links":{"self":[{"href":"https:\/\/www.itrc.gov.co\/Itrc\/wp-json\/wp\/v2\/pages\/6223","targetHints":{"allow":["GET"]}}],"collection":[{"href":"https:\/\/www.itrc.gov.co\/Itrc\/wp-json\/wp\/v2\/pages"}],"about":[{"href":"https:\/\/www.itrc.gov.co\/Itrc\/wp-json\/wp\/v2\/types\/page"}],"author":[{"embeddable":true,"href":"https:\/\/www.itrc.gov.co\/Itrc\/wp-json\/wp\/v2\/users\/1"}],"replies":[{"embeddable":true,"href":"https:\/\/www.itrc.gov.co\/Itrc\/wp-json\/wp\/v2\/comments?post=6223"}],"version-history":[{"count":8,"href":"https:\/\/www.itrc.gov.co\/Itrc\/wp-json\/wp\/v2\/pages\/6223\/revisions"}],"predecessor-version":[{"id":12990,"href":"https:\/\/www.itrc.gov.co\/Itrc\/wp-json\/wp\/v2\/pages\/6223\/revisions\/12990"}],"wp:attachment":[{"href":"https:\/\/www.itrc.gov.co\/Itrc\/wp-json\/wp\/v2\/media?parent=6223"}],"curies":[{"name":"wp","href":"https:\/\/api.w.org\/{rel}","templated":true}]}}