{"id":6251,"date":"2020-09-23T20:17:56","date_gmt":"2020-09-24T01:17:56","guid":{"rendered":"https:\/\/www.itrc.gov.co\/Itrc\/?page_id=6251"},"modified":"2024-08-21T09:37:15","modified_gmt":"2024-08-21T14:37:15","slug":"supervision-y-vigilancia","status":"publish","type":"page","link":"https:\/\/www.itrc.gov.co\/Itrc\/sistema-de-control-interno\/supervision-y-vigilancia\/","title":{"rendered":"Supervisi\u00f3n y Vigilancia"},"content":{"rendered":"<p>La UAE Agencia ITRC como entidad sin personer\u00eda jur\u00eddica, adscrita al Ministerio de Hacienda y Cr\u00e9dito P\u00fablico, est\u00e1 sometida a la vigilancia y control de los siguientes entes y autoridades:<\/p>\n<p><strong>Contralor\u00eda General de la Rep\u00fablica<\/strong><\/p>\n<p>Direcci\u00f3n: Carrera 69 No 44-35<br \/>Tel\u00e9fono: (601) 518 7000<br \/>E-mail: <a href=\"mailto:cgr@contraloria.gov.co\">cgr@contraloria.gov.co<\/a><br \/>P\u00e1gina web: <a href=\"https:\/\/www.contraloria.gov.co\/\" target=\"_blank\" rel=\"noopener\">https:\/\/www.contraloria.gov.co\/<\/a><br \/>Tipo de control: Control fiscal<\/p>\n<p><strong>Procuradur\u00eda General de la Naci\u00f3n<\/strong><\/p>\n<p>Direcci\u00f3n: Carrera 5 # 15-80<br \/>Tel\u00e9fono: (601) 587 8750<br \/>L\u00ednea Nacional: 01 8000 94 0808<br \/>Sede Elecctr\u00f3nica: <a href=\"https:\/\/www.procuraduria.gov.co\/PQRSDF\/Pages\/default.aspx\">https:\/\/www.procuraduria.gov.co\/PQRSDF\/Pages\/default.aspx<\/a><br \/>P\u00e1gina web: <a href=\"https:\/\/www.procuraduria.gov.co\/Pages\/Inicio.aspx\" target=\"_blank\" rel=\"noopener\">https:\/\/www.procuraduria.gov.co\/Pages\/Inicio.aspx<\/a><br \/>Tipo de control: Control disciplinario<\/p>\n<p><strong>Fiscal\u00eda General de la Naci\u00f3n<\/strong><\/p>\n<p>Direcci\u00f3n: Nivel Central - Bogot\u00e1, D.C. Avenida Calle 24 No. 52 \u2013 01(Ciudad Salitre)<br \/>Tel\u00e9fono: (601) 7910758<br \/>L\u00ednea Nacional: 01 8000 9197 48<br \/>E-mail: <a href=\"mailto:ges.documentalpqrs@fiscalia.gov.co\">ges.documentalpqrs@fiscalia.gov.co<\/a><br \/>P\u00e1gina web: <a href=\"https:\/\/www.fiscalia.gov.co\/colombia\/\" target=\"_blank\" rel=\"noopener\">https:\/\/www.fiscalia.gov.co\/colombia\/<\/a><br \/>Tipo de control: Control penal<\/p>\n<p><strong>Contadur\u00eda General de la Naci\u00f3n<\/strong><\/p>\n<p>Direcci\u00f3n: Calle 26 No 69 - 76, Edificio Elemento Torre 1 (Aire) - Pisos 15<br \/>Tel\u00e9fono: (601) 492 64 00<br \/>L\u00ednea Nacional: 01 8000 91 0060<br \/>E-mail: <a href=\"mailto:contactenos@contaduria.gov.co\">contactenos@contaduria.gov.co<\/a><br \/>P\u00e1gina web: <a href=\"https:\/\/www.contaduria.gov.co\/\" target=\"_blank\" rel=\"noopener\">https:\/\/www.contaduria.gov.co\/<\/a><br \/>Tipo de control: Control contable<\/p>\n<p><strong>Congreso de la Rep\u00fablica<\/strong><\/p>\n<ul>\n<li><strong>Senado de la Rep\u00fablica<\/strong><\/li>\n<\/ul>\n<p>Direcci\u00f3n: Atenci\u00f3n Ciudadana del Congreso. Calle 11 # 5-60 Tercer Nivel.<br \/>Tel\u00e9fono: (601) 3823000<br \/>L\u00ednea Nacional: 018000 12 2512<br \/>E-mail: <a href=\"mailto:atencionciudadanacongreso@senado.gov.co\">atencionciudadanacongreso@senado.gov.co<\/a><br \/>P\u00e1gina web: <a href=\"https:\/\/www.senado.gov.co\/\" target=\"_blank\" rel=\"noopener\">https:\/\/www.senado.gov.co\/<\/a><br \/>Tipo de control: Control pol\u00edtico<\/p>\n<ul>\n<li><strong>C\u00e1mara de Representantes<\/strong><\/li>\n<\/ul>\n<p>Direcci\u00f3n: Direcci\u00f3n de correspondencia: Edificio Nuevo del Congreso, Carrera 7 No. 8-68 Primer Piso<br \/>Tel\u00e9fono: (601) 8770720<br \/>L\u00ednea Nacional: 018000 12 2512<br \/>E-mail: <a href=\"mailto:atencionciudadanacongreso@senado.gov.co\">atencionciudadanacongreso@senado.gov.co<\/a><br \/>P\u00e1gina web: <a href=\"https:\/\/www.camara.gov.co\/\" target=\"_blank\" rel=\"noopener\">https:\/\/www.camara.gov.co\/<\/a><br \/>Tipo de control: Control pol\u00edtico<\/p>\n<p><strong>Archivo General de la Naci\u00f3n<\/strong><\/p>\n<p>Direcci\u00f3n: Carrera 6 No. 6 - 91<br \/>Tel\u00e9fono: (601) 328 2888<br \/>E-mail: <a href=\"mailto:contacto@archivogeneral.gov.co\">contacto@archivogeneral.gov.co<\/a><br \/>P\u00e1gina web: <a href=\"https:\/\/www.archivogeneral.gov.co\/\" target=\"_blank\" rel=\"noopener\">https:\/\/www.archivogeneral.gov.co\/<\/a><br \/>Tipo de control: Control de pol\u00edtica archiv\u00edstica<\/p>\n<p><strong>Ministerio de Hacienda y Cr\u00e9dito P\u00fablico<\/strong><\/p>\n<p>Direcci\u00f3n: Sede Principal: San Agust\u00edn; Carrera 8 No. 6C- 38<br \/>Tel\u00e9fono: 01 8000 910071 - 601 381 1700<br \/>E-mail: <a href=\"mailto:relacionciudadano@minhacienda.gov.co\">relacionciudadano@minhacienda.gov.co<\/a><br \/>P\u00e1gina web: <a href=\"https:\/\/www.minhacienda.gov.co\/webcenter\/portal\/Minhacienda\" target=\"_blank\" rel=\"noopener\">https:\/\/www.minhacienda.gov.co\/webcenter\/portal\/Minhacienda<\/a><br \/>Tipo de control: Control presupuestal<\/p>\n<p><strong>Comisi\u00f3n Nacional del Servicio Civil<\/strong><\/p>\n<p>Direcci\u00f3n: Carrera 16 No. 96 - 64, Piso 7<br \/>Tel\u00e9fono: (601) 3 25 97 00<br \/>L\u00ednea Nacional: 01900 33 11011<br \/>E-mail: <a href=\"mailto:atencionalciudadano@cnsc.gov.co\">atencionalciudadano@cnsc.gov.co<\/a><br \/>P\u00e1gina web: <a href=\"https:\/\/www.cnsc.gov.co\/\" target=\"_blank\" rel=\"noopener\">https:\/\/www.cnsc.gov.co\/<\/a><br \/>Tipo de control: Control de la carrera administrativa<\/p>\n<p><strong>Mecanismos internos de supervisi\u00f3n, notificaci\u00f3n y vigilancia<\/strong><\/p>\n<ul>\n<li><strong>Oficina Asesora de Control Interno<\/strong><\/li>\n<\/ul>\n<p>Direcci\u00f3n: Calle 26 No. 69-63 Piso 6<br \/>Tel\u00e9fono: 601 390 7000<br \/>L\u00ednea Nacional: 01800 123 004<br \/>E-mail: contactenos@itrc.gov.co<br \/>P\u00e1gina web: https:\/\/www.itrc.gov.co\/Itrc\/<br \/>Tipo de control: Control interno de gesti\u00f3n<\/p>\n<ul>\n<li><strong>Secretar\u00eda General - Control Disciplinario Interno<\/strong><\/li>\n<\/ul>\n<p>Direcci\u00f3n: Calle 26 No. 69-63 Piso 6<br \/>Tel\u00e9fono: 601 390 7000<br \/>L\u00ednea Nacional: 01800 123 004<br \/>E-mail: contactenos@itrc.gov.co<br \/>P\u00e1gina web: https:\/\/www.itrc.gov.co\/Itrc\/<br \/>Tipo de control: Control disciplinario interno<\/p>\n","protected":false},"excerpt":{"rendered":"<p>La UAE Agencia ITRC como entidad sin personer\u00eda jur\u00eddica, adscrita al Ministerio de Hacienda y Cr\u00e9dito P\u00fablico, est\u00e1 sometida a la vigilancia y control de los siguientes entes y autoridades: Contralor\u00eda General de la Rep\u00fablica Direcci\u00f3n: Carrera 69 No 44-35Tel\u00e9fono: (601) 518 7000E-mail: cgr@contraloria.gov.coP\u00e1gina web: https:\/\/www.contraloria.gov.co\/Tipo de control: Control fiscal Procuradur\u00eda General de la Naci\u00f3n Direcci\u00f3n: Carrera 5 # 15-80Tel\u00e9fono:&nbsp;<a href=\"https:\/\/www.itrc.gov.co\/Itrc\/sistema-de-control-interno\/supervision-y-vigilancia\/\" class=\"read-more\">Seguir leyendo<\/a><\/p>\n","protected":false},"author":1,"featured_media":0,"parent":2601,"menu_order":0,"comment_status":"closed","ping_status":"closed","template":"page-fullwidth.php","meta":{"footnotes":""},"class_list":["post-6251","page","type-page","status-publish","hentry"],"_links":{"self":[{"href":"https:\/\/www.itrc.gov.co\/Itrc\/wp-json\/wp\/v2\/pages\/6251","targetHints":{"allow":["GET"]}}],"collection":[{"href":"https:\/\/www.itrc.gov.co\/Itrc\/wp-json\/wp\/v2\/pages"}],"about":[{"href":"https:\/\/www.itrc.gov.co\/Itrc\/wp-json\/wp\/v2\/types\/page"}],"author":[{"embeddable":true,"href":"https:\/\/www.itrc.gov.co\/Itrc\/wp-json\/wp\/v2\/users\/1"}],"replies":[{"embeddable":true,"href":"https:\/\/www.itrc.gov.co\/Itrc\/wp-json\/wp\/v2\/comments?post=6251"}],"version-history":[{"count":12,"href":"https:\/\/www.itrc.gov.co\/Itrc\/wp-json\/wp\/v2\/pages\/6251\/revisions"}],"predecessor-version":[{"id":13149,"href":"https:\/\/www.itrc.gov.co\/Itrc\/wp-json\/wp\/v2\/pages\/6251\/revisions\/13149"}],"up":[{"embeddable":true,"href":"https:\/\/www.itrc.gov.co\/Itrc\/wp-json\/wp\/v2\/pages\/2601"}],"wp:attachment":[{"href":"https:\/\/www.itrc.gov.co\/Itrc\/wp-json\/wp\/v2\/media?parent=6251"}],"curies":[{"name":"wp","href":"https:\/\/api.w.org\/{rel}","templated":true}]}}