{"id":6506,"date":"2020-10-07T20:13:56","date_gmt":"2020-10-08T01:13:56","guid":{"rendered":"https:\/\/www.itrc.gov.co\/Itrc\/?page_id=6506"},"modified":"2025-09-24T16:16:17","modified_gmt":"2025-09-24T21:16:17","slug":"accesibilidad","status":"publish","type":"page","link":"https:\/\/www.itrc.gov.co\/Itrc\/accesibilidad\/","title":{"rendered":"Accesibilidad Web"},"content":{"rendered":"\n<div class=\"itrc-accesibilidad-bloque\" style=\"margin:0 auto;max-width:900px;\">\n  <style>\n    .itrc-accesibilidad-bloque .itrc-tarjetas-fila {\n      display: flex;\n      gap: 20px;\n      justify-content: center;\n      margin-bottom: 32px;\n      flex-wrap: wrap;\n    }\n    .itrc-accesibilidad-bloque .itrc-tarjeta-vento {\n      background: #fff;\n      border-radius: 18px;\n      box-shadow: 0 4px 20px rgba(0,0,0,0.18);\n      border: 2.5px solid #b38b40;\n      text-align: center;\n      transition: background 0.2s, box-shadow 0.2s, border-color 0.2s;\n      display: flex;\n      align-items: center;\n      justify-content: center;\n      font-size: 1.08rem;\n      font-weight: 600;\n      width: 240px;\n      height: 160px;\n      aspect-ratio: 3\/2;\n      box-sizing: border-box;\n    }\n    .itrc-accesibilidad-bloque .itrc-tarjeta-vento:hover {\n      background: #b38b40 !important;\n      color: #fff !important;\n      box-shadow: 0 4px 16px rgba(179,139,64,0.18);\n    }\n    .itrc-accesibilidad-bloque .itrc-tarjeta-vento a {\n      color: #2d2d2d;\n      text-decoration: none;\n      transition: color 0.2s;\n      font-size: 1.08rem;\n      font-weight: 600;\n      width: 100%;\n      height: 100%;\n      display: flex;\n      align-items: center;\n      justify-content: center;\n    }\n    .itrc-accesibilidad-bloque .itrc-tarjeta-vento:hover a {\n      color: #fff !important;\n    }\n    @media (max-width: 900px) {\n      .itrc-accesibilidad-bloque .itrc-tarjetas-fila { gap: 12px; }\n      .itrc-accesibilidad-bloque .itrc-tarjeta-vento { width: 180px; height: 120px; }\n    }\n    @media (max-width: 700px) {\n      .itrc-accesibilidad-bloque .itrc-tarjetas-fila { flex-direction: column; gap: 18px; }\n      .itrc-accesibilidad-bloque .itrc-tarjeta-vento { width: 100%; max-width: 100%; height: auto; }\n    }\n  <\/style>\n  <div class=\"itrc-tarjetas-fila\">\n    <div class=\"itrc-tarjeta-vento itrc-tarjeta-cuadrada\">\n      <a href=\"https:\/\/www.itrc.gov.co\/Itrc\/wp-content\/uploads\/2025\/09\/ANEXO-2-ACCESIBILIDAD-WEB-fdo.pdf\" target=\"_blank\" rel=\"noopener\"><strong>Accesibilidad web<\/strong><\/a>\n    <\/div>\n    <div class=\"itrc-tarjeta-vento itrc-tarjeta-cuadrada\">\n      <a href=\"https:\/\/www.itrc.gov.co\/Itrc\/wp-content\/uploads\/2025\/09\/Autodiagnostico-ITRC-MSPI-Instrumento.xlsx\" target=\"_blank\" rel=\"noopener\"><strong>Implementaci\u00f3n Modelo de Seguridad y Privacidad de la Informaci\u00f3n (MSPI) - Evaluaci\u00f3n<\/strong><\/a>\n    <\/div>\n    <div class=\"itrc-tarjeta-vento itrc-tarjeta-cuadrada\">\n      <a href=\"https:\/\/www.itrc.gov.co\/Itrc\/wp-content\/uploads\/2025\/09\/Lineamientos-y-Cumplimiento-Seguridad-Digital.pdf\" target=\"_blank\" rel=\"noopener\"><strong>Seguridad digital<\/strong><\/a>\n    <\/div>\n  <\/div>\n<\/div>\n\n\n\n<p>La p\u00e1gina web de la Agencia Del Inspector General de Tributos, Rentas y Contribuciones Parafiscales -ITRC, fue revisada a trav\u00e9s de la herramienta Tadwis para el an\u00e1lisis de accesibilidad de la p\u00e1gina. La p\u00e1gina web de la entidad obtuvo una calificaci\u00f3n y cumplimiento de nivel AA.<\/p>\n\n\n\n<p>La Agencia ITRC seguir\u00e1 mejorando en los niveles de accesibilidad y usabilidad de nuestra p\u00e1gina web.<\/p>\n","protected":false},"excerpt":{"rendered":"<p>Accesibilidad web Implementaci\u00f3n Modelo de Seguridad y Privacidad de la Informaci\u00f3n (MSPI) - Evaluaci\u00f3n Seguridad digital La p\u00e1gina web de la Agencia Del Inspector General de Tributos, Rentas y Contribuciones Parafiscales -ITRC, fue revisada a trav\u00e9s de la herramienta Tadwis para el an\u00e1lisis de accesibilidad de la p\u00e1gina. La p\u00e1gina web de la entidad obtuvo una calificaci\u00f3n y cumplimiento de&nbsp;<a href=\"https:\/\/www.itrc.gov.co\/Itrc\/accesibilidad\/\" class=\"read-more\">Seguir leyendo<\/a><\/p>\n","protected":false},"author":1,"featured_media":0,"parent":0,"menu_order":0,"comment_status":"closed","ping_status":"closed","template":"page-fullwidth.php","meta":{"footnotes":""},"class_list":["post-6506","page","type-page","status-publish","hentry"],"_links":{"self":[{"href":"https:\/\/www.itrc.gov.co\/Itrc\/wp-json\/wp\/v2\/pages\/6506","targetHints":{"allow":["GET"]}}],"collection":[{"href":"https:\/\/www.itrc.gov.co\/Itrc\/wp-json\/wp\/v2\/pages"}],"about":[{"href":"https:\/\/www.itrc.gov.co\/Itrc\/wp-json\/wp\/v2\/types\/page"}],"author":[{"embeddable":true,"href":"https:\/\/www.itrc.gov.co\/Itrc\/wp-json\/wp\/v2\/users\/1"}],"replies":[{"embeddable":true,"href":"https:\/\/www.itrc.gov.co\/Itrc\/wp-json\/wp\/v2\/comments?post=6506"}],"version-history":[{"count":16,"href":"https:\/\/www.itrc.gov.co\/Itrc\/wp-json\/wp\/v2\/pages\/6506\/revisions"}],"predecessor-version":[{"id":14797,"href":"https:\/\/www.itrc.gov.co\/Itrc\/wp-json\/wp\/v2\/pages\/6506\/revisions\/14797"}],"wp:attachment":[{"href":"https:\/\/www.itrc.gov.co\/Itrc\/wp-json\/wp\/v2\/media?parent=6506"}],"curies":[{"name":"wp","href":"https:\/\/api.w.org\/{rel}","templated":true}]}}