{"id":6540,"date":"2020-10-08T16:49:15","date_gmt":"2020-10-08T21:49:15","guid":{"rendered":"https:\/\/www.itrc.gov.co\/Itrc\/?page_id=6540"},"modified":"2024-12-06T09:05:00","modified_gmt":"2024-12-06T14:05:00","slug":"publicacion-de-procedimientos-lineamientos-y-politicas-en-materia-de-adquisicion-y-compras","status":"publish","type":"page","link":"https:\/\/www.itrc.gov.co\/Itrc\/publicacion-de-procedimientos-lineamientos-y-politicas-en-materia-de-adquisicion-y-compras\/","title":{"rendered":"Publicaci\u00f3n de procedimientos, lineamientos y pol\u00edticas en materia de adquisici\u00f3n y compras"},"content":{"rendered":"<ul>\n<li style=\"list-style-type: none;\">\n<ul>\n<li><a href=\"https:\/\/www.itrc.gov.co\/Itrc\/wp-content\/uploads\/2024\/12\/Manual_de_Contratacion.pdf\" target=\"_blank\" rel=\"noopener\">Manual de Contrataci\u00f3n<\/a><\/li>\n<li><a href=\"https:\/\/www.itrc.gov.co\/Itrc\/wp-content\/uploads\/2024\/12\/Manual-de-Supervision-e-Interventoria.pdf\" target=\"_blank\" rel=\"noopener\">Manual de supervisi\u00f3n e interventor\u00eda<\/a><\/li>\n<li><a href=\"https:\/\/www.itrc.gov.co\/Itrc\/wp-content\/uploads\/2022\/05\/No.418-Por-medio-de-la-cual-se-delegan-unas-funciones-y-se-dictan-otras-disposiciones.pdf\" target=\"_blank\" rel=\"noopener\">Resoluci\u00f3n No.418 - Por medio de la cual se delegan unas funciones y se dictan otras disposiciones<br \/><\/a><\/li>\n<li><a href=\"https:\/\/www.itrc.gov.co\/Itrc\/wp-content\/uploads\/2021\/11\/2021-03-25_Preguntas_frecuentes_aplicativo_ley_2013_de_2019.pdf\" target=\"_blank\" rel=\"noopener\">Preguntas Frecuentes sobre la Declaraci\u00f3n de Bienes y Rentas y Declaraci\u00f3n de Conflicto de Inter\u00e9s de la Ley 2013 de 2019<br \/><\/a><\/li>\n<li><a href=\"https:\/\/www.itrc.gov.co\/Itrc\/wp-content\/uploads\/2024\/07\/Instructivo-elaboracion-Estudios-Previos-codigo-GCO-OD-004-version-12.pdf\" target=\"_blank\" rel=\"noopener\">Instructivo elaboraci\u00f3n estudios previos<\/a><\/li>\n<li><a href=\"https:\/\/www.itrc.gov.co\/Itrc\/wp-content\/uploads\/2023\/08\/No.073-Por-la-cual-se-crea-el-Comite-Asesor-de-Contratacion-y-se-dictan-otras-disposiciones.pdf\" target=\"_blank\" rel=\"noopener\">Resoluci\u00f3n No. 073 de 2022-Por la cual se crea el Comit\u00e9 Asesor de Contrataci\u00f3n y se dictan otras disposiciones.<\/a><\/li>\n<li><a href=\"https:\/\/www.itrc.gov.co\/Itrc\/wp-content\/uploads\/2023\/08\/No.313-Por-la-cual-se-modifica-la-integracion-del-comite-Asesor-de-contratacion-creado-con-Resolucion-073-de-28-de-febrero-de-2022.pdf\" target=\"_blank\" rel=\"noopener\">Resoluci\u00f3n No. 313 de 2023-Por la cual se modifica la integraci\u00f3n del comit\u00e9 Asesor de contrataci\u00f3n<\/a><\/li>\n<li><a href=\"https:\/\/www.itrc.gov.co\/Itrc\/wp-content\/uploads\/2023\/08\/GUIA-PARA-ELABORAR-ESTUDIOS-DE-SECTOR-CCE.pdf\" target=\"_blank\" rel=\"noopener\">Gu\u00eda para elaborar estudios de sector CCE<\/a><\/li>\n<\/ul>\n<\/li>\n<\/ul>\n","protected":false},"excerpt":{"rendered":"<p>Manual de Contrataci\u00f3n Manual de supervisi\u00f3n e interventor\u00eda Resoluci\u00f3n No.418 - Por medio de la cual se delegan unas funciones y se dictan otras disposiciones Preguntas Frecuentes sobre la Declaraci\u00f3n de Bienes y Rentas y Declaraci\u00f3n de Conflicto de Inter\u00e9s de la Ley 2013 de 2019 Instructivo elaboraci\u00f3n estudios previos Resoluci\u00f3n No. 073 de 2022-Por la cual se crea el&nbsp;<a href=\"https:\/\/www.itrc.gov.co\/Itrc\/publicacion-de-procedimientos-lineamientos-y-politicas-en-materia-de-adquisicion-y-compras\/\" class=\"read-more\">Seguir leyendo<\/a><\/p>\n","protected":false},"author":1,"featured_media":0,"parent":0,"menu_order":0,"comment_status":"closed","ping_status":"closed","template":"page-fullwidth.php","meta":{"footnotes":""},"class_list":["post-6540","page","type-page","status-publish","hentry"],"_links":{"self":[{"href":"https:\/\/www.itrc.gov.co\/Itrc\/wp-json\/wp\/v2\/pages\/6540","targetHints":{"allow":["GET"]}}],"collection":[{"href":"https:\/\/www.itrc.gov.co\/Itrc\/wp-json\/wp\/v2\/pages"}],"about":[{"href":"https:\/\/www.itrc.gov.co\/Itrc\/wp-json\/wp\/v2\/types\/page"}],"author":[{"embeddable":true,"href":"https:\/\/www.itrc.gov.co\/Itrc\/wp-json\/wp\/v2\/users\/1"}],"replies":[{"embeddable":true,"href":"https:\/\/www.itrc.gov.co\/Itrc\/wp-json\/wp\/v2\/comments?post=6540"}],"version-history":[{"count":12,"href":"https:\/\/www.itrc.gov.co\/Itrc\/wp-json\/wp\/v2\/pages\/6540\/revisions"}],"predecessor-version":[{"id":13591,"href":"https:\/\/www.itrc.gov.co\/Itrc\/wp-json\/wp\/v2\/pages\/6540\/revisions\/13591"}],"wp:attachment":[{"href":"https:\/\/www.itrc.gov.co\/Itrc\/wp-json\/wp\/v2\/media?parent=6540"}],"curies":[{"name":"wp","href":"https:\/\/api.w.org\/{rel}","templated":true}]}}