{"id":9698,"date":"2022-08-08T16:03:09","date_gmt":"2022-08-08T21:03:09","guid":{"rendered":"https:\/\/www.itrc.gov.co\/Itrc\/?page_id=9698"},"modified":"2025-09-10T15:47:32","modified_gmt":"2025-09-10T20:47:32","slug":"informe-defensa-publica-y-prevencion-del-dano-antijuridico","status":"publish","type":"page","link":"https:\/\/www.itrc.gov.co\/Itrc\/transparencia-y-acceso-a-la-informacion-publica\/informe-defensa-publica-y-prevencion-del-dano-antijuridico\/","title":{"rendered":"Informe Defensa P\u00fablica y Prevenci\u00f3n del Da\u00f1o Antijur\u00eddico"},"content":{"rendered":"<ul>\n<li><a href=\"https:\/\/www.itrc.gov.co\/Itrc\/defensa-judicial\/\">Defensa Judicial<\/a><\/li>\n<li><a href=\"https:\/\/auth.defensajuridica.gov.co:9443\/authenticationendpoint\/login.do?_csrf=c3465cb1-1225-4709-a9b9-fc1fe37cde8e&amp;client_id=oITD19P8bZ0_OktEXG81IPpA3h4a&amp;commonAuthCallerPath=%2Foauth2%2Fauthorize&amp;forceAuth=false&amp;passiveAuth=false&amp;redirect_uri=https%3A%2F%2Fservices.defensajuridica.gov.co%2Fekogui%2Fsignin%2Fekogui&amp;response_type=code&amp;scope=&amp;state=38751172-2b7d-4afd-989c-9c3e4b747a34&amp;tenantDomain=carbon.super&amp;sessionDataKey=5732b582-c442-43a4-b470-e477c523f51e&amp;relyingParty=oITD19P8bZ0_OktEXG81IPpA3h4a&amp;type=oauth2&amp;sp=ekogui2&amp;isSaaSApp=false&amp;authenticators=BasicAuthenticator:LOCAL\" target=\"_blank\" rel=\"noopener\">Sistema eKOGUI<\/a><\/li>\n<li><a href=\"https:\/\/www.itrc.gov.co\/Itrc\/wp-content\/uploads\/2025\/09\/Resolucion-No.404-Por-medio-de-la-cual-se-adopta-el-Reglamento-Interno-del-Comite-de-Conciliacion-y-Defensa-Juridica_compressed-2.pdf\">Comit\u00e9 de Conciliaci\u00f3n y Defensa Jur\u00eddica<\/a><\/li>\n<li><a href=\"https:\/\/www.itrc.gov.co\/Itrc\/wp-content\/uploads\/2024\/02\/Resolucio\u0301n-No.-011-de-23-de-enero-de-2024-Adopta-PPDA-Agencia-ITRC-2024-2025v.pdf\">Pol\u00edtica de Prevenci\u00f3n del Da\u00f1o Antijur\u00eddico<\/a><\/li>\n<\/ul>\n","protected":false},"excerpt":{"rendered":"<p>Defensa Judicial Sistema eKOGUI Comit\u00e9 de Conciliaci\u00f3n y Defensa Jur\u00eddica Pol\u00edtica de Prevenci\u00f3n del Da\u00f1o Antijur\u00eddico<\/p>\n","protected":false},"author":1,"featured_media":0,"parent":3862,"menu_order":0,"comment_status":"closed","ping_status":"closed","template":"page-fullwidth.php","meta":{"footnotes":""},"class_list":["post-9698","page","type-page","status-publish","hentry"],"_links":{"self":[{"href":"https:\/\/www.itrc.gov.co\/Itrc\/wp-json\/wp\/v2\/pages\/9698","targetHints":{"allow":["GET"]}}],"collection":[{"href":"https:\/\/www.itrc.gov.co\/Itrc\/wp-json\/wp\/v2\/pages"}],"about":[{"href":"https:\/\/www.itrc.gov.co\/Itrc\/wp-json\/wp\/v2\/types\/page"}],"author":[{"embeddable":true,"href":"https:\/\/www.itrc.gov.co\/Itrc\/wp-json\/wp\/v2\/users\/1"}],"replies":[{"embeddable":true,"href":"https:\/\/www.itrc.gov.co\/Itrc\/wp-json\/wp\/v2\/comments?post=9698"}],"version-history":[{"count":9,"href":"https:\/\/www.itrc.gov.co\/Itrc\/wp-json\/wp\/v2\/pages\/9698\/revisions"}],"predecessor-version":[{"id":14674,"href":"https:\/\/www.itrc.gov.co\/Itrc\/wp-json\/wp\/v2\/pages\/9698\/revisions\/14674"}],"up":[{"embeddable":true,"href":"https:\/\/www.itrc.gov.co\/Itrc\/wp-json\/wp\/v2\/pages\/3862"}],"wp:attachment":[{"href":"https:\/\/www.itrc.gov.co\/Itrc\/wp-json\/wp\/v2\/media?parent=9698"}],"curies":[{"name":"wp","href":"https:\/\/api.w.org\/{rel}","templated":true}]}}