{"id":9730,"date":"2022-08-09T16:24:28","date_gmt":"2022-08-09T21:24:28","guid":{"rendered":"https:\/\/www.itrc.gov.co\/Itrc\/?page_id=9730"},"modified":"2024-09-25T15:44:38","modified_gmt":"2024-09-25T20:44:38","slug":"otros-de-grupos-de-interes","status":"publish","type":"page","link":"https:\/\/www.itrc.gov.co\/Itrc\/participa\/otros-de-grupos-de-interes\/","title":{"rendered":"Otros grupos de inter\u00e9s"},"content":{"rendered":"<ul>\n<li><a href=\"https:\/\/www.itrc.gov.co\/Itrc\/glosario\/\">Glosario<\/a><\/li>\n<li><a href=\"https:\/\/www.itrc.gov.co\/Itrc\/preguntas-frecuentes\/\">Preguntas y respuestas frecuentes<\/a><\/li>\n<li><a href=\"https:\/\/www.itrc.gov.co\/Itrc\/wp-content\/uploads\/2024\/09\/CARTA-TRATO-DIGNO.pdf\">Carta de Trato Digno<\/a><\/li>\n<li><a href=\"https:\/\/www.procuraduria.gov.co\/portal\/pqrsdf_Solicitud_de_informacion_con_identificacion_reservada.page\" target=\"_blank\" rel=\"noopener\">Solicitud de informaci\u00f3n p\u00fablica con identidad reservada<\/a><\/li>\n<li><a title=\"Estudios, investigaciones y otras publicaciones\" href=\"https:\/\/www.itrc.gov.co\/Itrc\/estudios-investigaciones-y-otras-publicaciones\/\">Estudios, investigaciones y otras publicaciones<\/a><\/li>\n<li><a href=\"https:\/\/www.itrc.gov.co\/Itrc\/formato-alternativo-para-grupos-etnicos-y-culturales\/\">Formato alternativo para grupos \u00e9tnicos y culturales<\/a><\/li>\n<\/ul>\n<p><!--<\/p>\n\n\n\n\n<li><a href=\"https:\/\/www.itrc.gov.co\/Itrc\/informacion-adicional\/\">Informaci\u00f3n adicional<\/a><\/li>\n\n\n\n\n<p>--><\/p>\n","protected":false},"excerpt":{"rendered":"<p>Glosario Preguntas y respuestas frecuentes Carta de Trato Digno Solicitud de informaci\u00f3n p\u00fablica con identidad reservada Estudios, investigaciones y otras publicaciones Formato alternativo para grupos \u00e9tnicos y culturales<\/p>\n","protected":false},"author":1,"featured_media":0,"parent":8297,"menu_order":0,"comment_status":"closed","ping_status":"closed","template":"page-fullwidth.php","meta":{"footnotes":""},"class_list":["post-9730","page","type-page","status-publish","hentry"],"_links":{"self":[{"href":"https:\/\/www.itrc.gov.co\/Itrc\/wp-json\/wp\/v2\/pages\/9730","targetHints":{"allow":["GET"]}}],"collection":[{"href":"https:\/\/www.itrc.gov.co\/Itrc\/wp-json\/wp\/v2\/pages"}],"about":[{"href":"https:\/\/www.itrc.gov.co\/Itrc\/wp-json\/wp\/v2\/types\/page"}],"author":[{"embeddable":true,"href":"https:\/\/www.itrc.gov.co\/Itrc\/wp-json\/wp\/v2\/users\/1"}],"replies":[{"embeddable":true,"href":"https:\/\/www.itrc.gov.co\/Itrc\/wp-json\/wp\/v2\/comments?post=9730"}],"version-history":[{"count":11,"href":"https:\/\/www.itrc.gov.co\/Itrc\/wp-json\/wp\/v2\/pages\/9730\/revisions"}],"predecessor-version":[{"id":13288,"href":"https:\/\/www.itrc.gov.co\/Itrc\/wp-json\/wp\/v2\/pages\/9730\/revisions\/13288"}],"up":[{"embeddable":true,"href":"https:\/\/www.itrc.gov.co\/Itrc\/wp-json\/wp\/v2\/pages\/8297"}],"wp:attachment":[{"href":"https:\/\/www.itrc.gov.co\/Itrc\/wp-json\/wp\/v2\/media?parent=9730"}],"curies":[{"name":"wp","href":"https:\/\/api.w.org\/{rel}","templated":true}]}}