{"id":9845,"date":"2022-08-25T11:37:32","date_gmt":"2022-08-25T16:37:32","guid":{"rendered":"https:\/\/www.itrc.gov.co\/Itrc\/?page_id=9845"},"modified":"2026-02-24T11:48:36","modified_gmt":"2026-02-24T16:48:36","slug":"reporte-austeridad-en-el-gasto","status":"publish","type":"page","link":"https:\/\/www.itrc.gov.co\/Itrc\/transparencia-y-acceso-a-la-informacion-publica\/normatividad-especial\/reporte-austeridad-en-el-gasto\/","title":{"rendered":"Reporte Austeridad en el Gasto"},"content":{"rendered":"\n<p><\/p>\n\n\n\n<ul>\n<li><a href=\"https:\/\/www.itrc.gov.co\/Itrc\/wp-content\/uploads\/2022\/08\/Reporte-Austeridad-en-el-Gasto-1-Semestre-2022.pdf\" target=\"_blank\" rel=\"noopener\">Reporte De Austeridad en el Gasto P\u00fablico - 1 Semestre 2022<\/a><\/li>\n<li><a href=\"https:\/\/www.itrc.gov.co\/Itrc\/wp-content\/uploads\/2023\/04\/REPORTE-AUSTERIDAD-SEM-2-2022.pdf\" target=\"_blank\" rel=\"noopener\">Reporte De Austeridad en el Gasto P\u00fablico - 2 Semestre 2022<\/a><\/li>\n<li><a href=\"https:\/\/www.itrc.gov.co\/Itrc\/wp-content\/uploads\/2023\/10\/Publicacion-1-semestre-2023-Austeridad-en-el-gasto.pdf\" target=\"_blank\" rel=\"noopener\">Reporte De Austeridad en el Gasto P\u00fablico - 1 Semestre 2023<\/a><\/li>\n<li><a href=\"https:\/\/www.itrc.gov.co\/Itrc\/wp-content\/uploads\/2024\/02\/Publicacion-2-semestre-2023-Publicacion-Austeridad-en-el-gasto.pdf\">Rporte de Austeridad en el Gasto P\u00fablico - 2 Semestre 2023,<\/a><\/li>\n<li><a href=\"https:\/\/www.itrc.gov.co\/Itrc\/wp-content\/uploads\/2024\/09\/Publicacion-1-semestre-2024-Austeridad-en-el-gasto.pdf\" target=\"_blank\" rel=\"noopener\">Reporte De Austeridad en el Gasto P\u00fablico - 1 Semestre 2024.<\/a><\/li>\n<li><a href=\"https:\/\/www.itrc.gov.co\/Itrc\/wp-content\/uploads\/2025\/09\/25-REPORTE-AUSTERIDAD-II-SEMESTRE-2024-ITRC-1.pdf\" target=\"_blank\" rel=\"noopener\">Reporte de Austeridad en el Gasto P\u00fablico - 2 semestre 2024.<\/a><\/li>\n<li><a href=\"https:\/\/www.itrc.gov.co\/Itrc\/wp-content\/uploads\/2026\/02\/Reporte-Austeridad-en-el-Gasto-a-diciembre-2025.pdf\" target=\"_blank\" rel=\"noopener\">Reporte Austeridad en el Gasto - a diciembre 2025<\/a><\/li>\n<\/ul>\n","protected":false},"excerpt":{"rendered":"<p>Reporte De Austeridad en el Gasto P\u00fablico - 1 Semestre 2022 Reporte De Austeridad en el Gasto P\u00fablico - 2 Semestre 2022 Reporte De Austeridad en el Gasto P\u00fablico - 1 Semestre 2023 Rporte de Austeridad en el Gasto P\u00fablico - 2 Semestre 2023, Reporte De Austeridad en el Gasto P\u00fablico - 1 Semestre 2024. Reporte de Austeridad en el&nbsp;<a href=\"https:\/\/www.itrc.gov.co\/Itrc\/transparencia-y-acceso-a-la-informacion-publica\/normatividad-especial\/reporte-austeridad-en-el-gasto\/\" class=\"read-more\">Seguir leyendo<\/a><\/p>\n","protected":false},"author":1,"featured_media":0,"parent":9840,"menu_order":0,"comment_status":"closed","ping_status":"closed","template":"page-fullwidth.php","meta":{"footnotes":""},"class_list":["post-9845","page","type-page","status-publish","hentry"],"_links":{"self":[{"href":"https:\/\/www.itrc.gov.co\/Itrc\/wp-json\/wp\/v2\/pages\/9845","targetHints":{"allow":["GET"]}}],"collection":[{"href":"https:\/\/www.itrc.gov.co\/Itrc\/wp-json\/wp\/v2\/pages"}],"about":[{"href":"https:\/\/www.itrc.gov.co\/Itrc\/wp-json\/wp\/v2\/types\/page"}],"author":[{"embeddable":true,"href":"https:\/\/www.itrc.gov.co\/Itrc\/wp-json\/wp\/v2\/users\/1"}],"replies":[{"embeddable":true,"href":"https:\/\/www.itrc.gov.co\/Itrc\/wp-json\/wp\/v2\/comments?post=9845"}],"version-history":[{"count":13,"href":"https:\/\/www.itrc.gov.co\/Itrc\/wp-json\/wp\/v2\/pages\/9845\/revisions"}],"predecessor-version":[{"id":15595,"href":"https:\/\/www.itrc.gov.co\/Itrc\/wp-json\/wp\/v2\/pages\/9845\/revisions\/15595"}],"up":[{"embeddable":true,"href":"https:\/\/www.itrc.gov.co\/Itrc\/wp-json\/wp\/v2\/pages\/9840"}],"wp:attachment":[{"href":"https:\/\/www.itrc.gov.co\/Itrc\/wp-json\/wp\/v2\/media?parent=9845"}],"curies":[{"name":"wp","href":"https:\/\/api.w.org\/{rel}","templated":true}]}}